{"id":697,"date":"2019-03-22T18:25:02","date_gmt":"2019-03-22T17:25:02","guid":{"rendered":"http:\/\/ragdolls-dosene.de\/?page_id=697"},"modified":"2020-12-28T14:29:45","modified_gmt":"2020-12-28T13:29:45","slug":"a-wurf-2","status":"publish","type":"page","link":"https:\/\/www.ragdolls-dosene.de\/?page_id=697","title":{"rendered":"A &#8211; Wurf"},"content":{"rendered":"\n<div class=\"wp-block-image\"><figure class=\"aligncenter is-resized\"><img loading=\"lazy\" decoding=\"async\" src=\"\/\/ragdolls-dosene.de\/wp-content\/uploads\/2019\/03\/SAM_0479-1024x768.jpg\" alt=\"\" class=\"wp-image-699\" width=\"464\" height=\"348\" srcset=\"https:\/\/www.ragdolls-dosene.de\/wp-content\/uploads\/2019\/03\/SAM_0479-1024x768.jpg 1024w, https:\/\/www.ragdolls-dosene.de\/wp-content\/uploads\/2019\/03\/SAM_0479-300x225.jpg 300w, https:\/\/www.ragdolls-dosene.de\/wp-content\/uploads\/2019\/03\/SAM_0479-768x576.jpg 768w, https:\/\/www.ragdolls-dosene.de\/wp-content\/uploads\/2019\/03\/SAM_0479-730x548.jpg 730w\" sizes=\"auto, (max-width: 464px) 100vw, 464px\" \/><figcaption><br><\/figcaption><\/figure><\/div>\n\n\n<p><span style=\"color: #000080;\"><strong>Am 22.03.2019 sind drei M\u00e4dels und ein Junge zur Welt gekommen.<\/strong><\/span><br data-rich-text-line-break=\"true\"><span style=\"color: #000080;\"><strong>Die Eltern sind Laisa vom Dresdner Land und Mercutio (Malik) vom Dresdner Land.<\/strong><\/span><\/p>\n<p><span style=\"color: #000080;\"><strong>Sie m\u00f6chten sehen wie sich die Babys entwickelt haben, dann klicken sie den Button.&nbsp;<\/strong><\/span><\/p>\n\n\n<div class=\"wp-block-button aligncenter is-style-outline is-style-outline--1\"><a class=\"wp-block-button__link has-light-green-cyan-color has-text-color has-background no-border-radius\" href=\"https:\/\/ragdolls-dosene.de\/?page_id=1670\" style=\"background:linear-gradient(180deg,rgb(2,3,129) 39%,rgb(40,116,252) 100%)\">alle Videos<\/a><\/div>\n\n\n<h5>\u00a0<\/h5>\n<p class=\"LC20lb\"><strong><span style=\"color: #000080;\">In der Bildergalerie haben wir Fotos \u00fcber die weitere Entwicklung der Kleinen zusammengestellt.<\/span><\/strong><\/p>\n<p>\u00a0<\/p>\n<p><strong><span style=\"color: #000080;\">Ayami\u00a0 \u00a0 \u00a0 \u00a0 \u00a0 \u00a0 \u00a0 \u00a0 \u00a0 \u00a0 \u00a0 \u00a0 \u00a0************************<\/span><\/strong><\/p>\n\n\t\t<style type=\"text\/css\">\n\t\t\t#gallery-1 {\n\t\t\t\tmargin: auto;\n\t\t\t}\n\t\t\t#gallery-1 .gallery-item {\n\t\t\t\tfloat: left;\n\t\t\t\tmargin-top: 10px;\n\t\t\t\ttext-align: center;\n\t\t\t\twidth: 33%;\n\t\t\t}\n\t\t\t#gallery-1 img {\n\t\t\t\tborder: 2px solid #cfcfcf;\n\t\t\t}\n\t\t\t#gallery-1 .gallery-caption {\n\t\t\t\tmargin-left: 0;\n\t\t\t}\n\t\t\t\/* see gallery_shortcode() in wp-includes\/media.php *\/\n\t\t<\/style>\n\t\t<div id='gallery-1' class='gallery galleryid-697 gallery-columns-3 gallery-size-thumbnail'><dl class='gallery-item'>\n\t\t\t<dt class='gallery-icon landscape'>\n\t\t\t\t<a href='https:\/\/www.ragdolls-dosene.de\/?attachment_id=888'><img loading=\"lazy\" decoding=\"async\" width=\"150\" height=\"150\" src=\"https:\/\/www.ragdolls-dosene.de\/wp-content\/uploads\/2019\/03\/IMG_20190329_140028-150x150.jpg\" class=\"attachment-thumbnail size-thumbnail\" alt=\"\" aria-describedby=\"gallery-1-888\" srcset=\"https:\/\/www.ragdolls-dosene.de\/wp-content\/uploads\/2019\/03\/IMG_20190329_140028-150x150.jpg 150w, https:\/\/www.ragdolls-dosene.de\/wp-content\/uploads\/2019\/03\/IMG_20190329_140028-500x500.jpg 500w, https:\/\/www.ragdolls-dosene.de\/wp-content\/uploads\/2019\/03\/IMG_20190329_140028-400x400.jpg 400w\" sizes=\"auto, (max-width: 150px) 100vw, 150px\" \/><\/a>\n\t\t\t<\/dt>\n\t\t\t\t<dd class='wp-caption-text gallery-caption' id='gallery-1-888'>\n\t\t\t\tAmami 14 Tage alt\n\t\t\t\t<\/dd><\/dl><dl class='gallery-item'>\n\t\t\t<dt class='gallery-icon landscape'>\n\t\t\t\t<a href='https:\/\/www.ragdolls-dosene.de\/?attachment_id=1390'><img loading=\"lazy\" decoding=\"async\" width=\"150\" height=\"150\" src=\"https:\/\/www.ragdolls-dosene.de\/wp-content\/uploads\/2019\/05\/SAM_1435-150x150.jpg\" class=\"attachment-thumbnail size-thumbnail\" alt=\"\" aria-describedby=\"gallery-1-1390\" srcset=\"https:\/\/www.ragdolls-dosene.de\/wp-content\/uploads\/2019\/05\/SAM_1435-150x150.jpg 150w, https:\/\/www.ragdolls-dosene.de\/wp-content\/uploads\/2019\/05\/SAM_1435-500x500.jpg 500w, https:\/\/www.ragdolls-dosene.de\/wp-content\/uploads\/2019\/05\/SAM_1435-400x400.jpg 400w\" sizes=\"auto, (max-width: 150px) 100vw, 150px\" \/><\/a>\n\t\t\t<\/dt>\n\t\t\t\t<dd class='wp-caption-text gallery-caption' id='gallery-1-1390'>\n\t\t\t\tAyami mit 6 Wochen\n\t\t\t\t<\/dd><\/dl><dl class='gallery-item'>\n\t\t\t<dt class='gallery-icon landscape'>\n\t\t\t\t<a href='https:\/\/www.ragdolls-dosene.de\/?attachment_id=1867'><img loading=\"lazy\" decoding=\"async\" width=\"150\" height=\"150\" src=\"https:\/\/www.ragdolls-dosene.de\/wp-content\/uploads\/2019\/09\/Ayami-im-neuen-Zuhause-150x150.jpg\" class=\"attachment-thumbnail size-thumbnail\" alt=\"\" aria-describedby=\"gallery-1-1867\" srcset=\"https:\/\/www.ragdolls-dosene.de\/wp-content\/uploads\/2019\/09\/Ayami-im-neuen-Zuhause-150x150.jpg 150w, https:\/\/www.ragdolls-dosene.de\/wp-content\/uploads\/2019\/09\/Ayami-im-neuen-Zuhause-500x500.jpg 500w, https:\/\/www.ragdolls-dosene.de\/wp-content\/uploads\/2019\/09\/Ayami-im-neuen-Zuhause-400x400.jpg 400w\" sizes=\"auto, (max-width: 150px) 100vw, 150px\" \/><\/a>\n\t\t\t<\/dt>\n\t\t\t\t<dd class='wp-caption-text gallery-caption' id='gallery-1-1867'>\n\t\t\t\tAyami im neuen Zuhause\n\t\t\t\t<\/dd><\/dl><br style=\"clear: both\" \/>\n\t\t<\/div>\n\n<p>\u00a0<\/p>\n<p><strong><span style=\"color: #000080;\">Alina\u00a0 \u00a0 \u00a0 \u00a0 \u00a0 \u00a0 \u00a0 \u00a0 \u00a0 \u00a0 \u00a0 \u00a0 \u00a0************************<\/span><\/strong><\/p>\n\n\t\t<style type=\"text\/css\">\n\t\t\t#gallery-2 {\n\t\t\t\tmargin: auto;\n\t\t\t}\n\t\t\t#gallery-2 .gallery-item {\n\t\t\t\tfloat: left;\n\t\t\t\tmargin-top: 10px;\n\t\t\t\ttext-align: center;\n\t\t\t\twidth: 33%;\n\t\t\t}\n\t\t\t#gallery-2 img {\n\t\t\t\tborder: 2px solid #cfcfcf;\n\t\t\t}\n\t\t\t#gallery-2 .gallery-caption {\n\t\t\t\tmargin-left: 0;\n\t\t\t}\n\t\t\t\/* see gallery_shortcode() in wp-includes\/media.php *\/\n\t\t<\/style>\n\t\t<div id='gallery-2' class='gallery galleryid-697 gallery-columns-3 gallery-size-thumbnail'><dl class='gallery-item'>\n\t\t\t<dt class='gallery-icon landscape'>\n\t\t\t\t<a href='https:\/\/www.ragdolls-dosene.de\/?attachment_id=1329'><img loading=\"lazy\" decoding=\"async\" width=\"150\" height=\"150\" src=\"https:\/\/www.ragdolls-dosene.de\/wp-content\/uploads\/2019\/05\/SAM_1317-150x150.jpg\" class=\"attachment-thumbnail size-thumbnail\" alt=\"\" aria-describedby=\"gallery-2-1329\" srcset=\"https:\/\/www.ragdolls-dosene.de\/wp-content\/uploads\/2019\/05\/SAM_1317-150x150.jpg 150w, https:\/\/www.ragdolls-dosene.de\/wp-content\/uploads\/2019\/05\/SAM_1317-500x500.jpg 500w, https:\/\/www.ragdolls-dosene.de\/wp-content\/uploads\/2019\/05\/SAM_1317-400x400.jpg 400w\" sizes=\"auto, (max-width: 150px) 100vw, 150px\" \/><\/a>\n\t\t\t<\/dt>\n\t\t\t\t<dd class='wp-caption-text gallery-caption' id='gallery-2-1329'>\n\t\t\t\tAlina mit 6 Wochen\n\t\t\t\t<\/dd><\/dl><dl class='gallery-item'>\n\t\t\t<dt class='gallery-icon portrait'>\n\t\t\t\t<a href='https:\/\/www.ragdolls-dosene.de\/?attachment_id=1871'><img loading=\"lazy\" decoding=\"async\" width=\"150\" height=\"150\" src=\"https:\/\/www.ragdolls-dosene.de\/wp-content\/uploads\/2019\/09\/Alina-im-neuen-Zuhause-150x150.jpg\" class=\"attachment-thumbnail size-thumbnail\" alt=\"\" aria-describedby=\"gallery-2-1871\" srcset=\"https:\/\/www.ragdolls-dosene.de\/wp-content\/uploads\/2019\/09\/Alina-im-neuen-Zuhause-150x150.jpg 150w, https:\/\/www.ragdolls-dosene.de\/wp-content\/uploads\/2019\/09\/Alina-im-neuen-Zuhause-500x500.jpg 500w, https:\/\/www.ragdolls-dosene.de\/wp-content\/uploads\/2019\/09\/Alina-im-neuen-Zuhause-400x400.jpg 400w\" sizes=\"auto, (max-width: 150px) 100vw, 150px\" \/><\/a>\n\t\t\t<\/dt>\n\t\t\t\t<dd class='wp-caption-text gallery-caption' id='gallery-2-1871'>\n\t\t\t\tAlina im neuen Zuhause\n\t\t\t\t<\/dd><\/dl>\n\t\t\t<br style='clear: both' \/>\n\t\t<\/div>\n\n<p>\u00a0<\/p>\n<p><strong><span style=\"color: #000080;\">Annabell\u00a0 \u00a0 \u00a0 \u00a0 \u00a0 \u00a0 \u00a0 \u00a0 \u00a0 \u00a0 ************************<\/span><\/strong><\/p>\n\n\t\t<style type=\"text\/css\">\n\t\t\t#gallery-3 {\n\t\t\t\tmargin: auto;\n\t\t\t}\n\t\t\t#gallery-3 .gallery-item {\n\t\t\t\tfloat: left;\n\t\t\t\tmargin-top: 10px;\n\t\t\t\ttext-align: center;\n\t\t\t\twidth: 33%;\n\t\t\t}\n\t\t\t#gallery-3 img {\n\t\t\t\tborder: 2px solid #cfcfcf;\n\t\t\t}\n\t\t\t#gallery-3 .gallery-caption {\n\t\t\t\tmargin-left: 0;\n\t\t\t}\n\t\t\t\/* see gallery_shortcode() in wp-includes\/media.php *\/\n\t\t<\/style>\n\t\t<div id='gallery-3' class='gallery galleryid-697 gallery-columns-3 gallery-size-thumbnail'><dl class='gallery-item'>\n\t\t\t<dt class='gallery-icon landscape'>\n\t\t\t\t<a href='https:\/\/www.ragdolls-dosene.de\/?attachment_id=2174'><img loading=\"lazy\" decoding=\"async\" width=\"150\" height=\"150\" src=\"https:\/\/www.ragdolls-dosene.de\/wp-content\/uploads\/2020\/01\/SAM_1672-150x150.jpg\" class=\"attachment-thumbnail size-thumbnail\" alt=\"\" aria-describedby=\"gallery-3-2174\" srcset=\"https:\/\/www.ragdolls-dosene.de\/wp-content\/uploads\/2020\/01\/SAM_1672-150x150.jpg 150w, https:\/\/www.ragdolls-dosene.de\/wp-content\/uploads\/2020\/01\/SAM_1672-500x500.jpg 500w, https:\/\/www.ragdolls-dosene.de\/wp-content\/uploads\/2020\/01\/SAM_1672-400x400.jpg 400w\" sizes=\"auto, (max-width: 150px) 100vw, 150px\" \/><\/a>\n\t\t\t<\/dt>\n\t\t\t\t<dd class='wp-caption-text gallery-caption' id='gallery-3-2174'>\n\t\t\t\tAnnabell mit 12 Wochen\n\t\t\t\t<\/dd><\/dl><dl class='gallery-item'>\n\t\t\t<dt class='gallery-icon landscape'>\n\t\t\t\t<a href='https:\/\/www.ragdolls-dosene.de\/?attachment_id=2175'><img loading=\"lazy\" decoding=\"async\" width=\"150\" height=\"150\" src=\"https:\/\/www.ragdolls-dosene.de\/wp-content\/uploads\/2020\/01\/IMG-20191214-WA0011-150x150.jpg\" class=\"attachment-thumbnail size-thumbnail\" alt=\"\" aria-describedby=\"gallery-3-2175\" srcset=\"https:\/\/www.ragdolls-dosene.de\/wp-content\/uploads\/2020\/01\/IMG-20191214-WA0011-150x150.jpg 150w, https:\/\/www.ragdolls-dosene.de\/wp-content\/uploads\/2020\/01\/IMG-20191214-WA0011-500x500.jpg 500w, https:\/\/www.ragdolls-dosene.de\/wp-content\/uploads\/2020\/01\/IMG-20191214-WA0011-400x400.jpg 400w\" sizes=\"auto, (max-width: 150px) 100vw, 150px\" \/><\/a>\n\t\t\t<\/dt>\n\t\t\t\t<dd class='wp-caption-text gallery-caption' id='gallery-3-2175'>\n\t\t\t\tAnnabell 9 Monate alt\n\t\t\t\t<\/dd><\/dl>\n\t\t\t<br style='clear: both' \/>\n\t\t<\/div>\n\n\n<p style=\"text-align: left;\">\u00a0<\/p>\n<p style=\"text-align: center;\"><strong><span style=\"color: #000080;\">\u00dcber Ihren Eintrag in unser G\u00e4stebuch w\u00fcrden wir uns freuen.<\/span><\/strong>\u00a0<\/p>\n\n\n<div class=\"wp-block-button aligncenter\"><a class=\"wp-block-button__link has-light-green-cyan-color has-text-color has-background no-border-radius\" href=\"https:\/\/ragdolls-dosene.de\/?page_id=351\" style=\"background:linear-gradient(180deg,rgb(2,3,129) 45%,rgb(40,116,252) 100%)\">    Danke    <\/a><\/div>\n","protected":false},"excerpt":{"rendered":"<p>Am 22.03.2019 sind drei M\u00e4dels und ein Junge zur Welt gekommen.Die Eltern sind Laisa vom Dresdner Land und Mercutio (Malik) vom Dresdner Land. Sie m\u00f6chten sehen wie sich die Babys [&hellip;]<\/p>\n","protected":false},"author":2,"featured_media":0,"parent":0,"menu_order":0,"comment_status":"closed","ping_status":"closed","template":"","meta":{"footnotes":""},"class_list":["post-697","page","type-page","status-publish","hentry"],"_links":{"self":[{"href":"https:\/\/www.ragdolls-dosene.de\/index.php?rest_route=\/wp\/v2\/pages\/697","targetHints":{"allow":["GET"]}}],"collection":[{"href":"https:\/\/www.ragdolls-dosene.de\/index.php?rest_route=\/wp\/v2\/pages"}],"about":[{"href":"https:\/\/www.ragdolls-dosene.de\/index.php?rest_route=\/wp\/v2\/types\/page"}],"author":[{"embeddable":true,"href":"https:\/\/www.ragdolls-dosene.de\/index.php?rest_route=\/wp\/v2\/users\/2"}],"replies":[{"embeddable":true,"href":"https:\/\/www.ragdolls-dosene.de\/index.php?rest_route=%2Fwp%2Fv2%2Fcomments&post=697"}],"version-history":[{"count":81,"href":"https:\/\/www.ragdolls-dosene.de\/index.php?rest_route=\/wp\/v2\/pages\/697\/revisions"}],"predecessor-version":[{"id":4757,"href":"https:\/\/www.ragdolls-dosene.de\/index.php?rest_route=\/wp\/v2\/pages\/697\/revisions\/4757"}],"wp:attachment":[{"href":"https:\/\/www.ragdolls-dosene.de\/index.php?rest_route=%2Fwp%2Fv2%2Fmedia&parent=697"}],"curies":[{"name":"wp","href":"https:\/\/api.w.org\/{rel}","templated":true}]}}