{"id":65,"date":"2018-03-05T10:17:47","date_gmt":"2018-03-05T09:17:47","guid":{"rendered":"http:\/\/ragdolls-dosene.de\/?page_id=65"},"modified":"2021-09-18T10:34:01","modified_gmt":"2021-09-18T08:34:01","slug":"ernaehrung","status":"publish","type":"page","link":"https:\/\/www.ragdolls-dosene.de\/?page_id=65","title":{"rendered":"Ern\u00e4hrung"},"content":{"rendered":"<p><span style=\"font-size: 20px; color: #000080;\"><strong>Katzen &#8211; Die K\u00f6nige unter den Gourmets<\/strong><\/span><\/p>\n<p><span style=\"font-size: 16px; color: #000080;\">Katzen sind &#8222;Carnivore&#8220;- Fleischfresser und &#8222;Neophobiker&#8220; &#8211; Neuem gegen\u00fcber grunds\u00e4tzlich also skeptisch. F\u00fcr unsere Wohnungskatzen hei\u00dft das aber:\u00a0 Was das Kitten nicht kennenlernt , das lehnt es als Erwachsene Katze ab. Das Futterangebot in den ersten Lebensmonaten bestimmt Ihre geschmacklichen Vorlieben und Abneigungen meist Ihr Leben lang.<\/span><\/p>\n<p><span style=\"font-size: 16px; color: #000080;\">Deshalb machen wir unsere Kleinen von Anfang an mit den verschiedenen Futterarten bekannt. Sie bekommen hochwertiges Zucker- und Getreidefreies Markenfutter, Rohfleisch und Fisch. Wir bieten unseren Katzen als Erg\u00e4nzung Katzengras und ausgew\u00e4hlte Kr\u00e4uter wie z. Bsp. Petersilie und Katzenminze an. Es bleibt den zuk\u00fcnftigen Besitzern \u00fcberlassen ob sie Barfen, Nass-, Trockenfutter oder Markenfutter anbieten. Eine gesunde ausgewogene Ern\u00e4hrung steht an erster Stelle, denn Katzen sind Feinschmecker.\u00a0<\/span><\/p>\n<p><img loading=\"lazy\" decoding=\"async\" class=\"aligncenter wp-image-3640 size-full\" src=\"https:\/\/ragdolls-dosene.de\/wp-content\/uploads\/2021\/09\/gutes-futter4412kfwbs.jpg\" alt=\"\" width=\"600\" height=\"600\" srcset=\"https:\/\/www.ragdolls-dosene.de\/wp-content\/uploads\/2021\/09\/gutes-futter4412kfwbs.jpg 600w, https:\/\/www.ragdolls-dosene.de\/wp-content\/uploads\/2021\/09\/gutes-futter4412kfwbs-300x300.jpg 300w, https:\/\/www.ragdolls-dosene.de\/wp-content\/uploads\/2021\/09\/gutes-futter4412kfwbs-150x150.jpg 150w, https:\/\/www.ragdolls-dosene.de\/wp-content\/uploads\/2021\/09\/gutes-futter4412kfwbs-500x500.jpg 500w, https:\/\/www.ragdolls-dosene.de\/wp-content\/uploads\/2021\/09\/gutes-futter4412kfwbs-400x400.jpg 400w\" sizes=\"auto, (max-width: 600px) 100vw, 600px\" \/><\/p>\n<p><span style=\"color: #000080;\">Im nachfolgenden Link finden Sie interessante Informationen zur Ern\u00e4hrung unserer Stubentiger.\u00a0 <a style=\"color: #000080;\" href=\"http:\/\/www.tierarzt-rueckert.de\/blog\/details.php?Kunde=1489&amp;Modul=3&amp;ID=18223\">\u00a0Link<\/a><\/span><\/p>\n<p><strong><span style=\"color: #000080;\">Nachfolgend ein paar Anregungen von uns:<\/span><\/strong><\/p>\n<p><span style=\"color: #000080;\">Ab und zu einmal zwischendurch etwas Sahnequark mit einem Eigelb vermischt gibt Kraft und enth\u00e4lt Calcium.<\/span><\/p>\n<p><span style=\"color: #000080;\">Dosenfutter kann man mit ged\u00fcnstetem Kabeljau,Thunfisch im eigenen Saft und Krabben im eigenen Saft anreichern, sowie mit weichgekochtem Reis.<\/span><\/p>\n<p><span style=\"color: #000080;\">Weichgekochte Kartoffelst\u00fcckchen ins Futter gemischt m\u00f6gen die meisten Katzen gerne.<\/span><\/p>\n<p><span style=\"color: #000080;\">Thunfisch vermischt mit etwas H\u00fcttenk\u00e4se ist ein Abwechslung die Katzen gerne fressen.<\/span><\/p>\n<p><span style=\"color: #000080;\">Rohes Rindfleisch frisch vom Metzger in kleine W\u00fcrfel geschnitten, nicht als Tatar, ist nicht nur eine gesunde Ern\u00e4hrung, sondern wir geben damit unserer Katze ein St\u00fcck &#8222;Natur&#8220; zur\u00fcck.<\/span><\/p>\n<p><span style=\"color: #000080;\"><strong><span style=\"font-size: 16px;\">Was w\u00fcrden Katzen kaufen?\u00a0 &#8211; Nat\u00fcrlich M\u00e4use<\/span><\/strong><\/span><\/p>\n<div class=\"csRow\">\n<div class=\"csColumnGap\" style=\"float: left; width: 2.5%; padding: 0px; margin: 0px;\"><span style=\"color: #000080;\"><img decoding=\"async\" style=\"border: medium none currentColor;\" src=\"\/\/192.168.2.200\/ragdoll-dosene.de\/wp-content\/plugins\/advanced-wp-columns\/assets\/js\/plugins\/views\/img\/1x1-pixel.png\" \/><\/span><\/div>\n<div class=\"csColumn\" style=\"float: left; width: 32%; padding: 0px; margin: 0px;\" data-csstartpoint=\"15\" data-csendpoint=\"207\" data-cswidth=\"32.0%\" data-csid=\"1236423e-a12a-216f-af0f-1a0ad420d694\">\n<p><span style=\"color: #000080;\"><img loading=\"lazy\" decoding=\"async\" src=\"\/\/ragdolls-dosene.de\/wp-content\/uploads\/2018\/03\/maus.jpg\" alt=\"\" width=\"150\" height=\"113\" \/><\/span><\/p>\n<\/div>\n<div class=\"csColumnGap\" style=\"float: left; width: 4.5%; padding: 0px; margin: 0px;\"><span style=\"color: #000080;\"><img decoding=\"async\" style=\"border: medium none currentColor;\" src=\"\/\/192.168.2.200\/ragdoll-dosene.de\/wp-content\/plugins\/advanced-wp-columns\/assets\/js\/plugins\/views\/img\/1x1-pixel.png\" \/><\/span><\/div>\n<div class=\"csColumn\" style=\"float: left; width: 61%; padding: 0px; margin: 0px;\" data-csstartpoint=\"234\" data-csendpoint=\"600\" data-cswidth=\"61.0%\" data-csid=\"bf3bed10-473a-bfe0-87e1-12ea1ed34ba3\">\n<p><strong><span style=\"color: #000080;\">Mausrezept<\/span><\/strong><\/p>\n<p><span style=\"color: #000080; font-size: 12pt;\">100 g \u00a0 \u00a0 H\u00fchnerherzen (roh abgewogen)<\/span><br \/>\n<span style=\"color: #000080; font-size: 12pt;\"> \u00a0 40 g \u00a0 \u00a0 frisches Rinderhackfleisch ( roh abgewogen)<\/span><br \/>\n<span style=\"color: #000080; font-size: 12pt;\"> 1 St\u00fcck \u00a0M\u00f6hre<\/span><br \/>\n<span style=\"color: #000080; font-size: 12pt;\"> 1 EL \u00a0 \u00a0 \u00a0 weich gekochte Kartoffelw\u00fcrfelchen<\/span><br \/>\n<span style=\"color: #000080; font-size: 12pt;\"> 1\/2 TL \u00a0 \u00a0Fisch\u00f6l<\/span><br \/>\n<span style=\"color: #000080; font-size: 12pt;\"> 1 Msp. \u00a0 zerriebene Ei<\/span><span style=\"color: #000080; font-size: 12pt;\">erschale ( ca. 0,4 g)<\/span><br \/>\n<span style=\"color: #000080; font-size: 12pt;\"> 0,7 g \u00a0 \u00a0 \u00a0Mineralfutter<\/span><br \/>\n<span style=\"color: #000080; font-size: 12pt;\"> 2-3 EL\u00a0 \u00a0selbstgemachte H\u00fchnerbr\u00fche (ohne Zus\u00e4tze)<\/span><br \/>\n<span style=\"color: #000080; font-size: 12pt;\"> \u00a0 \u00a0 \u00a0 \u00a0 \u00a0 \u00a0 \u00a0 Feingehackte Petersilie<\/span><\/p>\n<p><span style=\"color: #000080; font-size: 12pt;\">\u00a0 \u00a0 \u00a0 \u00a0 \u00a0 \u00a0 \u00a0 Guten Appetit !<\/span><\/p>\n<\/div>\n<div style=\"clear: both; float: none; display: block; visibility: hidden; width: 0px; font-size: 0px; line-height: 0;\"><span style=\"color: #000080;\">\u00a0<\/span><\/div>\n<\/div>\n<p><span style=\"color: #000080;\"><strong><span style=\"font-size: 12pt;\">Backen f\u00fcr Katzen &#8211; Katzenkekse<\/span><\/strong><\/span><\/p>\n<p><span style=\"color: #000080;\">Sie ben\u00f6tigen:\u00a0 <\/span><br \/>\n<span style=\"color: #000080;\">500 g\u00a0 \u00a0Hackfleisch vom Rind,<\/span><br \/>\n<span style=\"color: #000080;\">100 g\u00a0 Katzennassfutter Pate,<\/span><br \/>\n<span style=\"color: #000080;\">1 Esl\u00a0 \u00a0Leinsamen\u00f6l, <\/span><br \/>\n<span style=\"color: #000080;\">70 g\u00a0 \u00a0 Schmelzflocken (Flocken aus gemahlenen Haferkernen, bei S\u00e4uglingsnahrung)<\/span><br \/>\n<span style=\"color: #000080;\">\u00a0 \u00a0 \u00a01\u00a0 \u00a0 Eigelb<\/span><\/p>\n<p><span style=\"color: #000080;\">Alle Zutaten vermischen, zu kleinen Pizzakuchen formen, auf ein Backblech legen und 25 min bei 175\u00b0 Umluft backen. Nach dem abk\u00fchlen ein wahrer Leckerschmaus f\u00fcr unsere\u00a0 Katzen.<\/span><\/p>\n<p><span style=\"font-size: 16px; color: #000080;\">\u00a0<\/span><\/p>\n","protected":false},"excerpt":{"rendered":"<p>Katzen &#8211; Die K\u00f6nige unter den Gourmets Katzen sind &#8222;Carnivore&#8220;- Fleischfresser und &#8222;Neophobiker&#8220; &#8211; Neuem gegen\u00fcber grunds\u00e4tzlich also skeptisch. F\u00fcr unsere Wohnungskatzen hei\u00dft das aber:\u00a0 Was das Kitten nicht kennenlernt [&hellip;]<\/p>\n","protected":false},"author":1,"featured_media":0,"parent":0,"menu_order":0,"comment_status":"closed","ping_status":"closed","template":"page-templates\/left-sidebar.php","meta":{"footnotes":""},"class_list":["post-65","page","type-page","status-publish","hentry"],"_links":{"self":[{"href":"https:\/\/www.ragdolls-dosene.de\/index.php?rest_route=\/wp\/v2\/pages\/65","targetHints":{"allow":["GET"]}}],"collection":[{"href":"https:\/\/www.ragdolls-dosene.de\/index.php?rest_route=\/wp\/v2\/pages"}],"about":[{"href":"https:\/\/www.ragdolls-dosene.de\/index.php?rest_route=\/wp\/v2\/types\/page"}],"author":[{"embeddable":true,"href":"https:\/\/www.ragdolls-dosene.de\/index.php?rest_route=\/wp\/v2\/users\/1"}],"replies":[{"embeddable":true,"href":"https:\/\/www.ragdolls-dosene.de\/index.php?rest_route=%2Fwp%2Fv2%2Fcomments&post=65"}],"version-history":[{"count":23,"href":"https:\/\/www.ragdolls-dosene.de\/index.php?rest_route=\/wp\/v2\/pages\/65\/revisions"}],"predecessor-version":[{"id":3641,"href":"https:\/\/www.ragdolls-dosene.de\/index.php?rest_route=\/wp\/v2\/pages\/65\/revisions\/3641"}],"wp:attachment":[{"href":"https:\/\/www.ragdolls-dosene.de\/index.php?rest_route=%2Fwp%2Fv2%2Fmedia&parent=65"}],"curies":[{"name":"wp","href":"https:\/\/api.w.org\/{rel}","templated":true}]}}