{"id":63,"date":"2018-03-05T10:15:30","date_gmt":"2018-03-05T09:15:30","guid":{"rendered":"http:\/\/ragdolls-dosene.de\/?page_id=63"},"modified":"2019-02-03T18:32:32","modified_gmt":"2019-02-03T17:32:32","slug":"ein-kaetzchen-zieht-ein","status":"publish","type":"page","link":"https:\/\/www.ragdolls-dosene.de\/?page_id=63","title":{"rendered":"ein K\u00e4tzchen zieht ein"},"content":{"rendered":"<p><span style=\"font-size: 12pt; color: #000080;\">Zieht bei einer Familie zum ersten Mal ein K\u00e4tzchen ein, besteht bei aller Freude auch immer etwas Unsicherheit:<\/span><\/p>\n<p><span style=\"font-size: 12pt; color: #000080;\">Was braucht so ein kleines Wesen um sich von Anfang an geborgen zu f\u00fchlen und ein m\u00f6glichst langes, gesundes und zufriedenes Katzenleben zu f\u00fchren?<\/span><\/p>\n<p><span style=\"color: #000080;\"><strong><span style=\"font-size: 12pt;\">Zuwendung und Zubeh\u00f6r:<\/span><\/strong><\/span><\/p>\n<p><span style=\"font-size: 12pt; color: #000080;\">Am Tag der Ankunft sollte es m\u00f6glichst ruhig sein. Ein paar freie Tage sollten mit dem Samtpf\u00f6tchen eingeplant werden. So k\u00f6nnen sich K\u00e4tzchen und Mensch\u00a0 von Anfang an in Ruhe kennenlernen.<\/span><\/p>\n<p><span style=\"font-size: 12pt; color: #000080;\">Geduld und liebevolle Zuwendung vermitteln unserer Mietze das Gef\u00fchl bei den neuen Besitzern gut aufgehoben zu sein. Das ist auch deshalb wichtig, weil das K\u00e4tzchen in der Regel mit dem Auto zum neuen Zuhause gebracht wird. Es muss w\u00e4hrend der Fahrt in der Transportbox bleiben, auch wenn es noch so kl\u00e4glich maunzt.<\/span><\/p>\n<p><span style=\"font-size: 12pt; color: #000080;\">Je nach Temperament will ein neues Familienmitglied forsch und neugierig die neue Umgebung erkunden. Ein anderes hingegen ist ersch\u00f6pft, scheu und braucht erst mal Ruhe und die M\u00f6glichkeit sich zur\u00fcck zu ziehen. Am besten ist es daher die Transportbox in einem ruhigen Zimmer abzustellen. Der Neuank\u00f6mmling kann dann selbst entscheiden wieviel Zeit er braucht um sich zu erholen und die Transportbox zu verlassen. Auch hat sich bew\u00e4hrt ein Kuschelkissen oder eine Decke mit dem Geruch der Mutter und den Geschwistern in die Transportbox zu legen.<\/span><\/p>\n<p><span style=\"font-size: 12pt; color: #000080;\">Auch wenn es noch so schwer f\u00e4llt, dass Katzenkind wird sehr dankbar daf\u00fcr sein,dass es selbst\u00a0 bestimmen darf in welchem Tempo es Kontakt zur neuen Familie aufnimmt. F\u00fchlt der Kleine Schatz, dass er an einem sicheren und geborgenen Platz gelandet ist, f\u00e4llt ihm die Eingew\u00f6hnung leichter. Geht der neue Besitzer entspannt mit dem kleinen Fellkn\u00e4uel um, ist das die ideale Grundlage daf\u00fcr, dass sich das K\u00e4tzchen von Anfang an angstfrei im neuen Reich bewegen wird.<\/span><\/p>\n<p><span style=\"color: #000080;\"><strong><span style=\"font-size: 12pt;\">Was Katzen brauchen:<\/span><\/strong><\/span><\/p>\n<p><span style=\"font-size: 16px; color: #000080;\">Einen wichtigen Beitrag zum Wohlbefinden\u00a0 leistet das Zubeh\u00f6r f\u00fcr ein Katzenkind.<\/span><\/p>\n<ul>\n<li><span style=\"font-size: 16px; color: #000080;\">die Transportbox sollte gro\u00df genug sein, dass eine ausgewachsene Katze lang ausgestreckt liegen kann<\/span><\/li>\n<li><span style=\"font-size: 16px; color: #000080;\">N\u00e4pfe: Es empfielt sich Trink- und Futternapf aus Keramik zu verwenden, da diese leicht mit hei\u00dfem Wasser ausgesp\u00fclt werden k\u00f6nnen. Die N\u00e4pfe sollten auf einer rutschfesten Unterlage stehen, welche ebenfalls leicht zu reinigen sein sollte. Samtpf\u00f6tchen sch\u00e4tzen einen Standort an dem sie in aller Ruhe fressen und trinken kann. Die N\u00e4pfe sollten stets sauber gehalten werden.<\/span><\/li>\n<li><span style=\"font-size: 16px; color: #000080;\">Der Kratzbaum sollte nicht zu klein sein, da unsere Ragdolls zu den XXL-Katzen geh\u00f6ren. Katzen m\u00fcssen kratzen, dass geh\u00f6rt zu Ihren Grundbed\u00fcrfnissen. Steht keine Kratzm\u00f6glichkeit zur Verf\u00fcgung, dann leidet \u00fcber kurz oder lang die Wohnungseinrichtung und die Tapete. Der Kratzbaum sollte standfest und deckenhoch sein und \u00fcber eine Aussichtsplattform und einen Schlafplatz verf\u00fcgen. Auch Spielzeug kann befestigt werden &#8211; Hauptsache Mietze kann ihre Krallen sch\u00e4rfen.<\/span><\/li>\n<li><span style=\"font-size: 16px; color: #000080;\">Das Katzenbett: Die meiste Zeit des Tages verschl\u00e4ft unsere Fellnase, deshalb braucht sie unbedingt einen ruhigen Platz, an dem sie sich wohlf\u00fchlt und ganz nach Katzenart ausruhen kann.<\/span><\/li>\n<\/ul>\n<p><span style=\"color: #000080;\">\u00a0<\/span><\/p>\n","protected":false},"excerpt":{"rendered":"<p>Zieht bei einer Familie zum ersten Mal ein K\u00e4tzchen ein, besteht bei aller Freude auch immer etwas Unsicherheit: Was braucht so ein kleines Wesen um sich von Anfang an geborgen [&hellip;]<\/p>\n","protected":false},"author":1,"featured_media":0,"parent":0,"menu_order":0,"comment_status":"closed","ping_status":"closed","template":"","meta":{"footnotes":""},"class_list":["post-63","page","type-page","status-publish","hentry"],"_links":{"self":[{"href":"https:\/\/www.ragdolls-dosene.de\/index.php?rest_route=\/wp\/v2\/pages\/63","targetHints":{"allow":["GET"]}}],"collection":[{"href":"https:\/\/www.ragdolls-dosene.de\/index.php?rest_route=\/wp\/v2\/pages"}],"about":[{"href":"https:\/\/www.ragdolls-dosene.de\/index.php?rest_route=\/wp\/v2\/types\/page"}],"author":[{"embeddable":true,"href":"https:\/\/www.ragdolls-dosene.de\/index.php?rest_route=\/wp\/v2\/users\/1"}],"replies":[{"embeddable":true,"href":"https:\/\/www.ragdolls-dosene.de\/index.php?rest_route=%2Fwp%2Fv2%2Fcomments&post=63"}],"version-history":[{"count":6,"href":"https:\/\/www.ragdolls-dosene.de\/index.php?rest_route=\/wp\/v2\/pages\/63\/revisions"}],"predecessor-version":[{"id":585,"href":"https:\/\/www.ragdolls-dosene.de\/index.php?rest_route=\/wp\/v2\/pages\/63\/revisions\/585"}],"wp:attachment":[{"href":"https:\/\/www.ragdolls-dosene.de\/index.php?rest_route=%2Fwp%2Fv2%2Fmedia&parent=63"}],"curies":[{"name":"wp","href":"https:\/\/api.w.org\/{rel}","templated":true}]}}