{"id":61,"date":"2018-03-05T10:14:02","date_gmt":"2018-03-05T09:14:02","guid":{"rendered":"http:\/\/ragdolls-dosene.de\/?page_id=61"},"modified":"2019-10-27T11:50:53","modified_gmt":"2019-10-27T10:50:53","slug":"abgabeinfo","status":"publish","type":"page","link":"https:\/\/www.ragdolls-dosene.de\/?page_id=61","title":{"rendered":"Abgabeinfo"},"content":{"rendered":"<p style=\"text-align: left;\"><span style=\"font-size: 16px; color: #000080;\">Wir geben unsere Tiere nicht in Einzelhaltung ab!<\/span><\/p>\n<p><span style=\"color: #000080;\"><span style=\"font-size: 16px;\">Es sollte bereits ein Spielgef\u00e4hrte vorhanden sein. <\/span><span style=\"font-size: 16px;\">Eine Ausnahme bilden nur ausgesprochene Einzelg\u00e4nger, denn auch bei der geselligen Ragdoll\u00a0 gibt es diese manchmal. Trotzdem sollte sichergestellt werden k\u00f6nnen, dass die Kleinen nicht zu lange allein bleiben m\u00fcssen.<\/span><\/span><\/p>\n<p><span style=\"font-size: 16px; color: #000080;\">Unsere Kleinen sind an alle Alltagsger\u00e4usche und auch an Hunde gew\u00f6hnt. Unsere Katzen leben mit uns und k\u00f6nnen sich im ganzen Haus und unter Aufsicht auch im Garten frei bewegen.<\/span><\/p>\n<p style=\"text-align: left;\"><span style=\"font-size: 16px; color: #000080;\">Die Abgabe unserer Kitten erfolgt erst ab der 14. Woche. Je nach Entwicklungsstand des jeweiligen Kitten kann es auch sp\u00e4ter sein. Wir erteilen jederzeit Auskunft zum Entwicklungsstand und \u00fcber den Gesundheitszustand des K\u00e4tzchens.<\/span><\/p>\n<p><span style=\"color: #000080;\"><span style=\"font-size: 16px;\">Die Abgabe erfolgt mit Kaufvertrag. Sie k\u00f6nnen sich Ihr Wunschk\u00e4tzchen mit einer Anzahlung fest reservieren lassen. <\/span><span style=\"font-size: 16px;\">Die Reservierung wird ebenfalls vertraglich geregelt. Die Anzahlung wird auf den Kaufpreis angerechnet.<\/span><\/span><\/p>\n<p><span style=\"font-size: 16px; color: #000080;\">Unsere\u00a0 Kitten bekommen einen Stammbaum, ein sehr ausf\u00fchrliches und aktuelles Gesundheitszeugnis inklusive Kotprofil, Identifikationschip, das Genetikpaket und einen Impfausweis mit auf den Weg ins neue Zuhause. <\/span><\/p>\n<p><span style=\"font-size: 16px; color: #000080;\">Um den Kleinen den Abschied zu erleichtern bekommen sie ein Kuschelkissen mit dem Geruch der Mutter und der Geschwister sowie das Lieblingsspielzeug mit.<\/span><\/p>\n<p><span style=\"font-size: 16px; color: #000080;\">Sie erhalten Informationen zum Futter, welche Katzenstreu wir verwenden und welche Fellpflege die Kleinen bei uns kennengelernt haben.\u00a0<\/span><\/p>\n<p><span style=\"color: #000080;\"><span style=\"font-size: 16px;\">Die Preise sind Festpreise, welche im pers\u00f6nlichen Gespr\u00e4ch mitgeteilt werden. Unsere Preise sind realistisch und k\u00f6nnen\u00a0 jederzeit belegt werden.\u00a0\u00a0<\/span><\/span><\/p>\n<p><span style=\"color: #000080;\"><span style=\"font-size: 16px;\">Der Preis f\u00fcr Liebhabertiere variiert je nach Abstammung, Farbe und Version,\u00a0<\/span><\/span><\/p>\n<p><span style=\"color: #000080;\"><span style=\"font-size: 16px;\">Zuchtpreise auf Anfrage <\/span><\/span><\/p>\n<p><span style=\"color: #000080;\"><span style=\"font-size: 16px;\">In Ausnahmef\u00e4llen gew\u00e4hren wir einen Nachlass.\u00a0<\/span><\/span><\/p>\n<p><span style=\"color: #000080;\"><span style=\"font-size: 16px;\"> Wir haben im Interesse der Kitten unseren Anspruch an die Abgabe, die Gesundheitsvorsorge und die Dokumentation erh\u00f6ht.<\/span><\/span><\/p>\n","protected":false},"excerpt":{"rendered":"<p>Wir geben unsere Tiere nicht in Einzelhaltung ab! Es sollte bereits ein Spielgef\u00e4hrte vorhanden sein. Eine Ausnahme bilden nur ausgesprochene Einzelg\u00e4nger, denn auch bei der geselligen Ragdoll\u00a0 gibt es diese [&hellip;]<\/p>\n","protected":false},"author":1,"featured_media":0,"parent":0,"menu_order":0,"comment_status":"closed","ping_status":"closed","template":"","meta":{"footnotes":""},"class_list":["post-61","page","type-page","status-publish","hentry"],"_links":{"self":[{"href":"https:\/\/www.ragdolls-dosene.de\/index.php?rest_route=\/wp\/v2\/pages\/61","targetHints":{"allow":["GET"]}}],"collection":[{"href":"https:\/\/www.ragdolls-dosene.de\/index.php?rest_route=\/wp\/v2\/pages"}],"about":[{"href":"https:\/\/www.ragdolls-dosene.de\/index.php?rest_route=\/wp\/v2\/types\/page"}],"author":[{"embeddable":true,"href":"https:\/\/www.ragdolls-dosene.de\/index.php?rest_route=\/wp\/v2\/users\/1"}],"replies":[{"embeddable":true,"href":"https:\/\/www.ragdolls-dosene.de\/index.php?rest_route=%2Fwp%2Fv2%2Fcomments&post=61"}],"version-history":[{"count":21,"href":"https:\/\/www.ragdolls-dosene.de\/index.php?rest_route=\/wp\/v2\/pages\/61\/revisions"}],"predecessor-version":[{"id":1928,"href":"https:\/\/www.ragdolls-dosene.de\/index.php?rest_route=\/wp\/v2\/pages\/61\/revisions\/1928"}],"wp:attachment":[{"href":"https:\/\/www.ragdolls-dosene.de\/index.php?rest_route=%2Fwp%2Fv2%2Fmedia&parent=61"}],"curies":[{"name":"wp","href":"https:\/\/api.w.org\/{rel}","templated":true}]}}