{"id":5460,"date":"2025-07-28T16:12:45","date_gmt":"2025-07-28T14:12:45","guid":{"rendered":"https:\/\/www.ragdolls-dosene.de\/?page_id=5460"},"modified":"2025-07-28T17:21:55","modified_gmt":"2025-07-28T15:21:55","slug":"warum-eine-traditionelle-ragdoll","status":"publish","type":"page","link":"https:\/\/www.ragdolls-dosene.de\/?page_id=5460","title":{"rendered":"Warum eine traditionelle Ragdoll ?"},"content":{"rendered":"<p><span style=\"color: #ffffff;\">.<\/span><\/p>\n<p><span style=\"color: #ffffff;\">.<\/span><\/p>\n<p style=\"text-align: center;\"><span style=\"color: #000080;\"><strong>Die Ragdoll hat eine kurze und sehr interessante Geschichte. <\/strong><\/span><br \/><strong><span style=\"color: #000080;\">Sie entstand in 60iger Jahren des letzten Jahrhunderts. <\/span><\/strong><br \/><strong><span style=\"color: #000080;\">Sie ist die einzige Rasse welche sich bis zu den Ursprungstieren zur\u00fcckverfolgen l\u00e4sst und heute zu den beliebtesten Rassen geh\u00f6rt.<\/span><\/strong><\/p>\n<p style=\"text-align: left;\"><strong><span style=\"color: #000080;\">Die Geschichte und Entwicklung dieser Katzenrasse ist sehr umfangreich und detailliert in der &#8222;Ragdoll Historische Gesellschaft&#8220; erfasst.<\/span><\/strong><\/p>\n<p><strong><span style=\"color: #000080;\">Wenn Sie sich f\u00fcr diese wunderbare Rasse in ihrer Originalit\u00e4t interessieren, dann m\u00f6chten wir Ihnen den unten angef\u00fchrten Link empfehlen.<\/span><\/strong><\/p>\n<p><span style=\"color: #ffffff;\">.<\/span><\/p>\n\n<div class=\"wp-block-image\">\n<figure class=\"aligncenter size-full\"><a href=\"https:\/\/ragdollhistoricalsociety.net\"><img loading=\"lazy\" decoding=\"async\" width=\"460\" height=\"60\" src=\"https:\/\/www.ragdolls-dosene.de\/wp-content\/uploads\/2025\/07\/rhs-banner12.2.21.jpg\" alt=\"\" class=\"wp-image-5461\" srcset=\"https:\/\/www.ragdolls-dosene.de\/wp-content\/uploads\/2025\/07\/rhs-banner12.2.21.jpg 460w, https:\/\/www.ragdolls-dosene.de\/wp-content\/uploads\/2025\/07\/rhs-banner12.2.21-300x39.jpg 300w\" sizes=\"auto, (max-width: 460px) 100vw, 460px\" \/><\/a><\/figure>\n<\/div>\n\n\n<p><\/p>\n","protected":false},"excerpt":{"rendered":"<p>. . Die Ragdoll hat eine kurze und sehr interessante Geschichte. Sie entstand in 60iger Jahren des letzten Jahrhunderts. Sie ist die einzige Rasse welche sich bis zu den Ursprungstieren [&hellip;]<\/p>\n","protected":false},"author":1,"featured_media":0,"parent":0,"menu_order":0,"comment_status":"closed","ping_status":"closed","template":"","meta":{"footnotes":""},"class_list":["post-5460","page","type-page","status-publish","hentry"],"_links":{"self":[{"href":"https:\/\/www.ragdolls-dosene.de\/index.php?rest_route=\/wp\/v2\/pages\/5460","targetHints":{"allow":["GET"]}}],"collection":[{"href":"https:\/\/www.ragdolls-dosene.de\/index.php?rest_route=\/wp\/v2\/pages"}],"about":[{"href":"https:\/\/www.ragdolls-dosene.de\/index.php?rest_route=\/wp\/v2\/types\/page"}],"author":[{"embeddable":true,"href":"https:\/\/www.ragdolls-dosene.de\/index.php?rest_route=\/wp\/v2\/users\/1"}],"replies":[{"embeddable":true,"href":"https:\/\/www.ragdolls-dosene.de\/index.php?rest_route=%2Fwp%2Fv2%2Fcomments&post=5460"}],"version-history":[{"count":13,"href":"https:\/\/www.ragdolls-dosene.de\/index.php?rest_route=\/wp\/v2\/pages\/5460\/revisions"}],"predecessor-version":[{"id":5485,"href":"https:\/\/www.ragdolls-dosene.de\/index.php?rest_route=\/wp\/v2\/pages\/5460\/revisions\/5485"}],"wp:attachment":[{"href":"https:\/\/www.ragdolls-dosene.de\/index.php?rest_route=%2Fwp%2Fv2%2Fmedia&parent=5460"}],"curies":[{"name":"wp","href":"https:\/\/api.w.org\/{rel}","templated":true}]}}