{"id":5064,"date":"2024-09-10T10:38:46","date_gmt":"2024-09-10T08:38:46","guid":{"rendered":"https:\/\/www.ragdolls-dosene.de\/?page_id=5064"},"modified":"2025-08-07T20:31:56","modified_gmt":"2025-08-07T18:31:56","slug":"die-non-traditionelle-ragdoll-cherubim","status":"publish","type":"page","link":"https:\/\/www.ragdolls-dosene.de\/?page_id=5064","title":{"rendered":"die Non-Traditionelle Ragdoll"},"content":{"rendered":"<p><span style=\"background-color: #ffffff; color: #000080;\">Eine traditionelle Ragdoll oder Ragamuffin zu erkennen wird nicht mehr so einfach sein. TICA USA hat ohne Anerkennungsverfahren festgelegt, dass ab dem 01.05.2025 die Traditionelle und die Farben &#8211; Ragdoll in einer Rassegruppe bei Ausstellungen starten und gerichtet werden k\u00f6nnen.<\/span><\/p>\n<h3><span style=\"color: #000080;\">Non-traditionelle Ragdoll oder die Farben-Ragdoll und Cherubim<\/span><\/h3>\n<p><span style=\"color: #000080;\">Die Farbenzucht begann bereits in den 80er Jahren. Auch Ann Baker versuchte ihr bestehendes Patent zu erweitern, weil sie die Farbenz\u00fcchter als Konkurrenz betrachtete. Einer Erweiterung des Patentes wurde aber nicht stattgegeben. Anne Baker nannte alle Non-Point Katzen Honeybear, Miracle oder Cherubim, brachte die Honeybear`s, Miracle`s und Cherubim`aber nie zur Anerkennung. Damit entstanden in den 1980er Jahren die Ragamuffin und ab 01.05.2025 die Cherubim.<\/span><\/p>\n<p><span style=\"color: #000080; font-size: 18pt;\"><strong>Die Ragamuffin<\/strong><\/span><\/p>\n<p><span style=\"color: #000080;\">Die Ragamuffin hat den selben Ursprung wie die Ragdoll. Die Katzen mit halblangem Fell werden in allen Farben ohne Beschr\u00e4nkungen gez\u00fcchtet: mit und ohne Wei\u00dfanteil, in point, mink und solid.<\/span><\/p>\n<p><span style=\"color: #000080;\">In Amerika haben sich einige Z\u00fcchter zusammen geschlossen und haben die Neuen Farben zur Anerkennung gebraucht. Da man diese Katzen auf Grund des Patentes nicht mehr Ragdoll nennen durfte, wurden diese Katzen 1994 unter der Rassebezeichnung Ragamuffin anerkannt.<\/span><\/p>\n<p><span style=\"color: #000080;\">In Europa wird die Ragamuffin seit dem Jahr 2002 gez\u00fcchtet.<\/span><\/p>\n<p><span style=\"font-size: 10pt; color: #000080;\">Quelle: Wikipedia<\/span><\/p>\n<p><span style=\"color: #000080; font-size: 18pt;\"><strong>Die Cherubim<\/strong><\/span><\/p>\n<p><span style=\"color: #000080;\">TICA USA hat im Mai 2024 eine \u00c4nderung in der Registrierung f\u00fcr die nichttraditionellen Ragdolls vorgenommen. <\/span><\/p>\n<p><span style=\"color: #000080;\"><strong>Der Standard f\u00fcr die traditionelle Ragdoll bleibt unver\u00e4ndert. Sie hat immer blaue Augen und wird nur in vier Farben und drei Varianten gez\u00fcchtet. Die traditionelle Ragdoll hat den Gen-Code cscs.<\/strong><\/span><\/p>\n<p><span style=\"color: #000080;\">F\u00fcr die Nichttraditionellen Farben Mink, Sepia und Solid wurde der Name Cherubim (CB) festgelegt.<\/span><\/p>\n<p><span style=\"color: #000080;\">Der Standard f\u00fcr die Rasse Cherubim (CB) wurde f\u00fcr die Fell- und Augenfarbe neu festgelegt:<\/span><\/p>\n<p><span style=\"color: #000080;\"><strong>Fellfarbe:<\/strong>\u00a0 Alle Mink-,Sepia- und Solidfarbene, au\u00dfer einfarbigem Wei\u00df<\/span><\/p>\n<p><span style=\"color: #000080;\"><strong>Augenfarbe:\u00a0<\/strong><\/span><\/p>\n<ul>\n<li><span style=\"color: #000080;\">f\u00fcr Mink gelten dann Augenfarben in Blaugr\u00fcn \u2013 Gr\u00fcnblau (Aqua),<\/span><\/li>\n<li><span style=\"color: #000080;\">bei Sepia gelten die Augenfarben Gold, Goldgr\u00fcn oder Gr\u00fcn<\/span><\/li>\n<li><span style=\"color: #000080;\">f\u00fcr die vollfarbenen Katzen (Solid) die Augenfarbe in Bronze, Kupfer, Gold, Gelb, Gr\u00fcn und Haselnussbraun.<\/span><\/li>\n<\/ul>\n<p><span style=\"color: #000080;\">Laut TICA USA ist es jetzt auch m\u00f6glich Ragdoll und Cherubim zu kreuzen. Dadurch ist es m\u00f6glich, dass in einem Wurf zwei Rassen fallen, eine sehr eigenartige Verfahrensweise.<\/span><\/p>\n<p><span style=\"color: #000080;\">Die Kitten welche wie Ragdoll&#8217;s in der Pointvariante mit blauen Augen aussehen, bekommen dann einen Ragdoll-Stammbaum. Die Kitten in Mink, Sepia und Solid aus dem selben Wurf bekommen einen Cherubim-Stammbaum. Dieses Verfahren ist nur bedingt nachvollziehbar, weil sich die Katzen nicht nur durch die Farbe und Abstammung, sondern auch genetisch unterscheiden und es nicht mehr m\u00f6glich ist zwischen Traditioneller und Non-Traditioneller Ragdoll zu unterscheiden, ohne die Stammb\u00e4ume zu pr\u00fcfen.<\/span><\/p>\n<p><span style=\"color: #000080;\"><strong>Die Minks<\/strong>\u00a0haben den Gencode cscb, eine Kombination aus dem Siamgen (cs) und dem Burmesengen (cb).\u00a0 Die Mink hat einen geringeren Kontrast zwischen den Points und dem K\u00f6rperfell als die traditionellen Ragdolls, aber die Points sind noch deutlich zuerkennen. Der K\u00f6rper hat den selben Farbton wie die Points, nur heller. Ein eindeutiges Merkmal sind die aquamarinfarbenen Augen und ist an die Farbe Mink gekoppelt.<\/span><\/p>\n<p><span style=\"color: #000080;\"><strong>Die Sepia<\/strong>\u00a0hat ein doppeltes Burmesen-Gen (cbcb) und hat damit einen sehr geringen Kontrast zwischen Points und K\u00f6rperfell, manchmal fast einfarbig. Die Augenfarbe ist gold, gold-gr\u00fcn oder gr\u00fcn.<\/span><\/p>\n<p><span style=\"color: #000080;\"><strong>Solids<\/strong>\u00a0sind \u201eeinfarbige\u201c Ragdolls mit dem Gencode C. Das bedeutet, dass die Points und die K\u00f6rperfarbe gleich sind. Solids k\u00f6nnen Bronze-, Kupfer-, Gold-, Gelb-, Gr\u00fcnfarbene oder Haselnussbraune Augen haben.<\/span><\/p>\n<p><span style=\"color: #000080;\">Die Mink, Sepia und Solid gibt es in allen Farben und Zeichnungen, ohne Einschr\u00e4nkung, mit und ohne Wei\u00df. Die Kitten werden im Gegensatz zu den Ragdoll`s\u00a0 bereits farbig geboren.<\/span><\/p>\n<p><strong><span style=\"color: #000080;\">Welche Organisationen, Vereine oder Clubs die Cherubim anerkennen ist noch nicht bekannt.<\/span><\/strong><\/p>\n\n\n<p><\/p>\n","protected":false},"excerpt":{"rendered":"<p>Eine traditionelle Ragdoll oder Ragamuffin zu erkennen wird nicht mehr so einfach sein. TICA USA hat ohne Anerkennungsverfahren festgelegt, dass ab dem 01.05.2025 die Traditionelle und die Farben &#8211; Ragdoll [&hellip;]<\/p>\n","protected":false},"author":1,"featured_media":0,"parent":0,"menu_order":0,"comment_status":"closed","ping_status":"closed","template":"","meta":{"footnotes":""},"class_list":["post-5064","page","type-page","status-publish","hentry"],"_links":{"self":[{"href":"https:\/\/www.ragdolls-dosene.de\/index.php?rest_route=\/wp\/v2\/pages\/5064","targetHints":{"allow":["GET"]}}],"collection":[{"href":"https:\/\/www.ragdolls-dosene.de\/index.php?rest_route=\/wp\/v2\/pages"}],"about":[{"href":"https:\/\/www.ragdolls-dosene.de\/index.php?rest_route=\/wp\/v2\/types\/page"}],"author":[{"embeddable":true,"href":"https:\/\/www.ragdolls-dosene.de\/index.php?rest_route=\/wp\/v2\/users\/1"}],"replies":[{"embeddable":true,"href":"https:\/\/www.ragdolls-dosene.de\/index.php?rest_route=%2Fwp%2Fv2%2Fcomments&post=5064"}],"version-history":[{"count":31,"href":"https:\/\/www.ragdolls-dosene.de\/index.php?rest_route=\/wp\/v2\/pages\/5064\/revisions"}],"predecessor-version":[{"id":5515,"href":"https:\/\/www.ragdolls-dosene.de\/index.php?rest_route=\/wp\/v2\/pages\/5064\/revisions\/5515"}],"wp:attachment":[{"href":"https:\/\/www.ragdolls-dosene.de\/index.php?rest_route=%2Fwp%2Fv2%2Fmedia&parent=5064"}],"curies":[{"name":"wp","href":"https:\/\/api.w.org\/{rel}","templated":true}]}}