{"id":44,"date":"2018-03-05T09:50:24","date_gmt":"2018-03-05T08:50:24","guid":{"rendered":"http:\/\/ragdolls-dosene.de\/?page_id=44"},"modified":"2026-03-15T14:29:40","modified_gmt":"2026-03-15T13:29:40","slug":"wurfplanung-2020","status":"publish","type":"page","link":"https:\/\/www.ragdolls-dosene.de\/?page_id=44","title":{"rendered":"Wurfplanung 2026"},"content":{"rendered":"\n<p class=\"has-text-align-center has-vivid-cyan-blue-color has-text-color\"><\/p>\n\n\n\n<p><\/p>\n\n\n<p style=\"text-align: center;\"><strong><span style=\"color: #000080;\">Liebe Besucher, wenn Sie Interesse an einem Kitten haben, bitten wir Sie, sich mit uns pers\u00f6nlich in Verbindung zu setzen. Wir freuen uns, wenn Sie uns Ihren Namen, ihre Anschrift und eine Telefonnummer mitteilen.<\/span><\/strong><\/p>\n<p style=\"text-align: center;\"><strong><span style=\"color: #000080;\">Reine Preisanfragen und Anfragen wie &#8222;habt ihr noch Kitten&#8220; oder &#8222;was ist der letzte Preis&#8220; und ohne vollen Namen werden nicht mehr beantwortet.<\/span><\/strong><\/p>\n<p style=\"text-align: center;\"><strong><span style=\"color: #000080;\">Wir vertrauen Ihnen ein Lebewesen an, was wir mit viel Liebe und Herzblut die ersten Lebenswochen begleitet haben.<\/span><\/strong><\/p>\n<p><span style=\"color: #ffffff;\">.<\/span><\/p>\n<p><img loading=\"lazy\" decoding=\"async\" class=\"aligncenter wp-image-3025\" src=\"https:\/\/ragdolls-dosene.de\/wp-content\/uploads\/2021\/01\/IMG_20210105_190204-300x168.jpg\" alt=\"\" width=\"490\" height=\"275\" srcset=\"https:\/\/www.ragdolls-dosene.de\/wp-content\/uploads\/2021\/01\/IMG_20210105_190204-300x168.jpg 300w, https:\/\/www.ragdolls-dosene.de\/wp-content\/uploads\/2021\/01\/IMG_20210105_190204-1024x575.jpg 1024w, https:\/\/www.ragdolls-dosene.de\/wp-content\/uploads\/2021\/01\/IMG_20210105_190204-768x431.jpg 768w, https:\/\/www.ragdolls-dosene.de\/wp-content\/uploads\/2021\/01\/IMG_20210105_190204-1536x863.jpg 1536w, https:\/\/www.ragdolls-dosene.de\/wp-content\/uploads\/2021\/01\/IMG_20210105_190204-2048x1150.jpg 2048w, https:\/\/www.ragdolls-dosene.de\/wp-content\/uploads\/2021\/01\/IMG_20210105_190204-730x410.jpg 730w\" sizes=\"auto, (max-width: 490px) 100vw, 490px\" \/><\/p>\n<h3>\u00a0<\/h3>\n<h3 style=\"text-align: center;\"><span style=\"color: #000080; font-size: 18pt;\">Wurfplanung 2026\u00a0<\/span><\/h3>\n<h3 style=\"text-align: center;\"><span style=\"font-size: 14pt;\"><strong><span style=\"color: #000080;\"><br \/><\/span><\/strong><span style=\"color: #000080;\"><strong>Wir planen in der ersten Jahresh\u00e4lfte 2026 einen Wurf mit unserer Mariebell von Dosene und Honeyball of Calmingdolls.<\/strong><\/span><\/span><\/h3>\n<h3 style=\"text-align: center;\"><span style=\"font-size: 14pt;\"><strong><span style=\"color: #000080;\">Wann wir die Kitten erwarten k\u00f6nnen h\u00e4ngt davon ab, wann unsere Mariebell in die Hochzeitssuite einziehen m\u00f6chte.<\/span><\/strong><\/span><\/h3>\n<h3 style=\"text-align: center;\"><span style=\"color: #000080; font-size: 14pt;\"><strong>Es k\u00f6nnen die Farben Seal, Blue, Chocolate und Lilac fallen und die Varianten Colorpoint, Mitted und Bicolour.<\/strong><\/span><\/h3>\n<h3>\u00a0<\/h3>\n<h3 style=\"text-align: center;\"><span style=\"color: #000080;\">* * *<\/span><\/h3>\n<p style=\"text-align: center;\"><span style=\"font-size: 14pt;\"><strong><span style=\"color: #000080;\">Im Herbst 2026 planen wir einen weiteren Wurf. Die Eltern werden Lilliane und Juri von Dosene.\u00a0<\/span><\/strong><\/span><\/p>\n<p style=\"text-align: center;\"><span style=\"font-size: 14pt;\"><strong><span style=\"color: #000080;\">Es k\u00f6nnen die Farben Seal, Chocolate, Blue und Lilac, in der Variante Mitted und Bicolour fallen.<\/span><\/strong><\/span><\/p>\n<h3 style=\"text-align: center;\">\u00a0<\/h3>\n\n\n<p><\/p>\n","protected":false},"excerpt":{"rendered":"<p>Liebe Besucher, wenn Sie Interesse an einem Kitten haben, bitten wir Sie, sich mit uns pers\u00f6nlich in Verbindung zu setzen. Wir freuen uns, wenn Sie uns Ihren Namen, ihre Anschrift [&hellip;]<\/p>\n","protected":false},"author":1,"featured_media":0,"parent":0,"menu_order":0,"comment_status":"closed","ping_status":"closed","template":"page-templates\/left-sidebar.php","meta":{"footnotes":""},"class_list":["post-44","page","type-page","status-publish","hentry"],"_links":{"self":[{"href":"https:\/\/www.ragdolls-dosene.de\/index.php?rest_route=\/wp\/v2\/pages\/44","targetHints":{"allow":["GET"]}}],"collection":[{"href":"https:\/\/www.ragdolls-dosene.de\/index.php?rest_route=\/wp\/v2\/pages"}],"about":[{"href":"https:\/\/www.ragdolls-dosene.de\/index.php?rest_route=\/wp\/v2\/types\/page"}],"author":[{"embeddable":true,"href":"https:\/\/www.ragdolls-dosene.de\/index.php?rest_route=\/wp\/v2\/users\/1"}],"replies":[{"embeddable":true,"href":"https:\/\/www.ragdolls-dosene.de\/index.php?rest_route=%2Fwp%2Fv2%2Fcomments&post=44"}],"version-history":[{"count":169,"href":"https:\/\/www.ragdolls-dosene.de\/index.php?rest_route=\/wp\/v2\/pages\/44\/revisions"}],"predecessor-version":[{"id":5794,"href":"https:\/\/www.ragdolls-dosene.de\/index.php?rest_route=\/wp\/v2\/pages\/44\/revisions\/5794"}],"wp:attachment":[{"href":"https:\/\/www.ragdolls-dosene.de\/index.php?rest_route=%2Fwp%2Fv2%2Fmedia&parent=44"}],"curies":[{"name":"wp","href":"https:\/\/api.w.org\/{rel}","templated":true}]}}