{"id":4042,"date":"2022-06-05T15:07:42","date_gmt":"2022-06-05T13:07:42","guid":{"rendered":"https:\/\/ragdolls-dosene.de\/?page_id=4042"},"modified":"2023-05-08T18:49:17","modified_gmt":"2023-05-08T16:49:17","slug":"bella","status":"publish","type":"page","link":"https:\/\/www.ragdolls-dosene.de\/?page_id=4042","title":{"rendered":"Xabelle"},"content":{"rendered":"\n<div class=\"wp-block-media-text alignwide is-stacked-on-mobile\"><figure class=\"wp-block-media-text__media\"><img loading=\"lazy\" decoding=\"async\" width=\"1024\" height=\"575\" src=\"https:\/\/ragdolls-dosene.de\/wp-content\/uploads\/2022\/06\/IMG_20220531_230809-1024x575.jpg\" alt=\"\" class=\"wp-image-4049 size-full\" srcset=\"https:\/\/www.ragdolls-dosene.de\/wp-content\/uploads\/2022\/06\/IMG_20220531_230809-1024x575.jpg 1024w, https:\/\/www.ragdolls-dosene.de\/wp-content\/uploads\/2022\/06\/IMG_20220531_230809-300x168.jpg 300w, https:\/\/www.ragdolls-dosene.de\/wp-content\/uploads\/2022\/06\/IMG_20220531_230809-768x431.jpg 768w, https:\/\/www.ragdolls-dosene.de\/wp-content\/uploads\/2022\/06\/IMG_20220531_230809-1536x863.jpg 1536w, https:\/\/www.ragdolls-dosene.de\/wp-content\/uploads\/2022\/06\/IMG_20220531_230809-2048x1150.jpg 2048w, https:\/\/www.ragdolls-dosene.de\/wp-content\/uploads\/2022\/06\/IMG_20220531_230809-730x410.jpg 730w\" sizes=\"auto, (max-width: 1024px) 100vw, 1024px\" \/><\/figure><div class=\"wp-block-media-text__content\">\n<h3><strong><span style=\"color: #000080;\">Xabelle of boundless Beauty<\/span><\/strong><\/h3>\n<p><span style=\"color: #000080;\">Original Ragdoll nach der Genetikkarte von Denny Dayton, gepr\u00fcft vom VdOR<\/span><\/p>\n<p><span style=\"color: #000080;\">geb. am 17.02.2022<\/span><br \/><span style=\"color: #000080;\">Ph\u00e4notyp Blue Bicolour<\/span><br \/><span style=\"color: #000080;\">Genotyp cs\/cs, B\/b<\/span><br \/><span style=\"color: #000080;\">Blutgruppe A<\/span><\/p>\n<p><span style=\"color: #000080;\">Eltern sind Tiffany of boundless Beauty und Tooleydolls Cashmere<\/span><\/p>\n\n\n\n<p><\/p>\n<\/div><\/div>\n\n\n<p>\u00a0<\/p>\n<p><strong><span style=\"color: #000080;\">Ich bin Xabelle of boundless Beauty und bin die Neue im Rudel.<\/span><\/strong><\/p>\n<p><span style=\"color: #000080;\">Hier werde ich Bella gerufen, bin am 31.05.2022 hier eingezogen und muss mich hier erst noch zurechtfinden. Ich muss erst mein neues Zuhause kennenlernen und mich in die bestehende Katzengruppe integrieren. <\/span><\/p>\n<p><span style=\"font-size: revert; color: #000080;\">Das dauert mal noch ein paar Tage. Ich werde mich dann sp\u00e4ter ordentlich vorstellen.<\/span><\/p>\n<p><span style=\"color: #000080;\">Vielen Dank an ihre Z\u00fcchterin Claudia Ricks von den Ragdolls of boundless Beauty. Wir freuen uns sehr, dass sie uns dieses Sch\u00e4tzchen anvertraut hat.<\/span><\/p>\n<p><span style=\"color: #ffffff;\">.<\/span><\/p>\n<p><span style=\"color: #000080;\">Heute, am 20.08.2022,\u00a0 m\u00f6chte ich mich endlich mal wieder melden.<\/span><\/p>\n<p>I<span style=\"color: #000080;\">nzwischen lebe ich ja nun schon einige Zeit hier. Ich habe mir die Eingew\u00f6hnung nicht leicht gemacht. Gleich beim Einzug habe ich es mir mit dem Rudelf\u00fchrer Malik verdorben. Meine Wiedergutmachung hat schon ein Weilchen gedauert. Honey ist mein bester Freund und mit den M\u00e4dels klappt es auch schon ganz gut. Jetzt muss ich mir nur noch den Stand in der Gruppe erarbeiten.<\/span><\/p>\n<p><span style=\"color: #000080;\">Bis bald Eure Bella\u00a0\u00a0<\/span><\/p>\n<div class=\"wonderpluginslider-container\" id=\"wonderpluginslider-container-23\" style=\"max-width:800px;margin:0 auto;padding-left:0px;padding-right:0px;padding-top:0px;padding-bottom:60px;\"><div class=\"wonderpluginslider\" id=\"wonderpluginslider-23\" data-sliderid=\"23\" data-width=\"800\" data-height=\"500\" data-skin=\"classic\" data-usejsforfullbrowserwidth=\"false\" data-fullbrowserwidth=\"false\" data-playmutedandinlinewhenautoplay=\"false\" data-addextraattributes=\"false\" data-autoplay=\"true\" data-randomplay=\"false\" data-loadimageondemand=\"false\" data-transitiononfirstslide=\"false\" data-autoplayvideo=\"true\" data-isresponsive=\"true\" data-fullwidth=\"false\" data-isfullscreen=\"false\" data-ratioresponsive=\"true\" data-showtext=\"true\" data-showtimer=\"true\" data-showbottomshadow=\"true\" data-navshowpreview=\"true\" data-textautohide=\"true\" data-pauseonmouseover=\"false\" data-lightboxresponsive=\"true\" data-lightboxshownavigation=\"false\" data-lightboxshowtitle=\"true\" data-lightboxshowdescription=\"false\" data-texteffectresponsive=\"true\" data-donotinit=\"false\" data-addinitscript=\"false\" data-lightboxfullscreenmode=\"false\" data-lightboxcloseonoverlay=\"true\" data-lightboxvideohidecontrols=\"false\" data-lightboxnogroup=\"false\" data-shownav=\"true\" data-navthumbresponsive=\"false\" data-navshowfeaturedarrow=\"false\" data-inityoutube=\"true\" data-initvimeo=\"true\" data-navshowplaypause=\"true\" data-navshowarrow=\"true\" data-navshowbuttons=\"false\" data-lightboxshowsocial=\"false\" data-lightboxshowfacebook=\"true\" data-lightboxshowtwitter=\"true\" data-lightboxshowpinterest=\"true\" data-lightboxsocialrotateeffect=\"true\" data-showsocial=\"false\" data-showfacebook=\"true\" data-showtwitter=\"true\" data-showpinterest=\"true\" data-socialrotateeffect=\"true\" data-disableinlinecss=\"false\" data-triggerresize=\"false\" data-lightboxautoslide=\"false\" data-lightboxshowtimer=\"true\" data-lightboxshowplaybutton=\"true\" data-lightboxalwaysshownavarrows=\"false\" data-lightboxshowtitleprefix=\"true\" data-titleusealt=\"false\" data-outputtext=\"false\" data-titletag=\"h1\" data-descriptiontag=\"h2\" data-scalemode=\"fit\" data-arrowstyle=\"mouseover\" data-transition=\"fade,crossfade,cssslide\" data-loop=\"0\" data-border=\"0\" data-slideinterval=\"5000\" data-arrowimage=\"arrows-32-32-0.png\" data-arrowwidth=\"32\" data-arrowheight=\"32\" data-arrowtop=\"50\" data-arrowmargin=\"8\" data-ga4account=\"\" data-googleanalyticsaccount=\"\" data-navplaypauseimage=\"navplaypause-28-28-0.png\" data-navarrowimage=\"navarrows-28-28-0.png\" data-navstyle=\"bullets\" data-navimage=\"bullet-24-24-0.png\" data-navwidth=\"24\" data-navheight=\"24\" data-navspacing=\"8\" data-navmarginx=\"16\" data-navmarginy=\"16\" data-navposition=\"bottom\" data-navthumbnavigationstyle=\"arrow\" data-navthumbnavigationarrowimage=\"carouselarrows-32-32-0.png\" data-navthumbnavigationarrowimagewidth=\"32\" data-navthumbnavigationarrowimageheight=\"32\" data-playvideoimage=\"playvideo-64-64-0.png\" data-playvideoimagewidth=\"64\" data-playvideoimageheight=\"64\" data-lightboxthumbwidth=\"90\" data-lightboxthumbheight=\"60\" data-lightboxthumbtopmargin=\"12\" data-lightboxthumbbottommargin=\"4\" data-lightboxbarheight=\"64\" data-lightboxtitlebottomcss=\"color:#333; font-size:14px; font-family:Armata,sans-serif,Arial; overflow:hidden; text-align:left;\" data-lightboxdescriptionbottomcss=\"color:#333; font-size:12px; font-family:Arial,Helvetica,sans-serif; overflow:hidden; text-align:left; margin:4px 0px 0px; padding: 0px;\" data-textformat=\"Bottom bar\" data-textpositionstatic=\"bottom\" data-textpositiondynamic=\"bottomleft\" data-paddingleft=\"0\" data-paddingright=\"0\" data-paddingtop=\"0\" data-paddingbottom=\"60\" data-texteffectresponsivesize=\"640\" data-textleftrightpercentforstatic=\"40\" data-fadeduration=\"1000\" data-crossfadeduration=\"1000\" data-fadeoutfadeinduration=\"2000\" data-slideduration=\"1000\" data-cssslideduration=\"1000\" data-elasticduration=\"1000\" data-sliceduration=\"1500\" data-blindsduration=\"1500\" data-blocksduration=\"1500\" data-shuffleduration=\"1500\" data-tilesduration=\"2000\" data-kenburnsduration=\"5000\" data-flipduration=\"1500\" data-flipwithzoomduration=\"2000\" data-threedduration=\"1500\" data-threedhorizontalduration=\"1500\" data-threedwithzoomduration=\"2500\" data-threedhorizontalwithzoomduration=\"2200\" data-threedflipduration=\"1500\" data-threedflipwithzoomduration=\"2000\" data-threedtilesduration=\"2000\" data-threedfallback=\"flip\" data-threedhorizontalfallback=\"flip\" data-threedwithzoomfallback=\"flipwithzoom\" data-threedhorizontalwithzoomfallback=\"flipwithzoom\" data-threedflipfallback=\"flip\" data-threedflipwithzoomfallback=\"flipwithzoom\" data-threedtilesfallback=\"tiles\" data-ratiomediumscreen=\"900\" data-ratiomediumheight=\"1.6\" data-ratiosmallscreen=\"640\" data-ratiosmallheight=\"2.4\" data-socialmode=\"mouseover\" data-socialposition=\"position:absolute;top:8px;right:8px;\" data-socialpositionsmallscreen=\"position:absolute;top:8px;right:8px;\" data-socialdirection=\"horizontal\" data-socialbuttonsize=\"32\" data-socialbuttonfontsize=\"18\" data-navthumbcolumn=\"5\" data-navthumbtitleheight=\"20\" data-navthumbtitlewidth=\"120\" data-navthumbresponsivemode=\"samesize\" data-navthumbstyle=\"imageonly\" data-navthumbmediumsize=\"900\" data-navthumbmediumwidth=\"64\" data-navthumbmediumheight=\"64\" data-navthumbmediumcolumn=\"4\" data-navthumbmediumtitleheight=\"18\" data-navthumbmediumtitlewidth=\"120\" data-navthumbsmallsize=\"600\" data-navthumbsmallwidth=\"48\" data-navthumbsmallheight=\"48\" data-navthumbsmallcolumn=\"3\" data-navthumbsmalltitleheight=\"18\" data-navthumbsmalltitlewidth=\"120\" data-lightboxsocialposition=\"position:absolute;top:100%;right:0;\" data-lightboxsocialpositionsmallscreen=\"position:absolute;top:100%;right:0;left:0;\" data-lightboxsocialdirection=\"horizontal\" data-lightboxsocialbuttonsize=\"32\" data-lightboxsocialbuttonfontsize=\"18\" data-lightboxtitlestyle=\"bottom\" data-lightboximagepercentage=\"75\" data-lightboxdefaultvideovolume=\"1\" data-lightboxoverlaybgcolor=\"#000\" data-lightboxoverlayopacity=\"0.9\" data-lightboxbgcolor=\"#fff\" data-lightboxtitleprefix=\"%NUM \/ %TOTAL\" data-lightboxtitleinsidecss=\"color:#fff; font-size:16px; font-family:Arial,Helvetica,sans-serif; overflow:hidden; text-align:left;\" data-lightboxdescriptioninsidecss=\"color:#fff; font-size:12px; font-family:Arial,Helvetica,sans-serif; overflow:hidden; text-align:left; margin:4px 0px 0px; padding: 0px;\" data-lightboxtitleoutsidecss=\"color:#fff; font-size:18px; font-family:Arial,Helvetica,sans-serif; overflow:hidden; text-align:center; margin: 8px;\" data-lightboxdescriptionoutsidecss=\"color:#fff; font-size:14px; font-family:Arial,Helvetica,sans-serif; overflow:hidden; text-align:center; margin:8px; padding: 0px;\" data-triggerresizedelay=\"100\" data-lightboxslideinterval=\"5000\" data-lightboxtimerposition=\"bottom\" data-lightboxtimercolor=\"#dc572e\" data-lightboxtimeropacity=\"1\" data-lightboxbordersize=\"8\" data-lightboxborderradius=\"0\" data-textcss=\"display:block; padding:12px; text-align:left;\" data-textbgcss=\"display:block; position:absolute; top:0px; left:0px; width:100%; height:100%; background-color:#333333; opacity:0.6; filter:alpha(opacity=60);\" data-titlecss=\"display:block; position:relative; font:bold 14px &quot;Lucida Sans Unicode&quot;,&quot;Lucida Grande&quot;,sans-serif,Arial; color:#fff;\" data-descriptioncss=\"display:block; position:relative; font:12px &quot;Lucida Sans Unicode&quot;,&quot;Lucida Grande&quot;,sans-serif,Arial; color:#fff; margin-top:8px;\" data-buttoncss=\"display:block; position:relative; margin-top:8px;\" data-titlecssresponsive=\"font-size:12px;\" data-descriptioncssresponsive=\"font-size:12px;\" data-buttoncssresponsive=\"\" data-jsfolder=\"https:\/\/www.ragdolls-dosene.de\/wp-content\/plugins\/wonderplugin-slider-lite\/engine\/\" style=\"display:none;\" ><ul class=\"amazingslider-slides\"  style=\"display:none;\"><li><img decoding=\"async\" class=\"amazingslider-img-elem amazingsliderimg\" src=\"https:\/\/ragdolls-dosene.de\/wp-content\/uploads\/2022\/06\/IMG-20220531-WA0000.jpg\" alt=\"\" title=\"\" data-description=\"\" \/><\/li><li><img decoding=\"async\" class=\"amazingslider-img-elem amazingsliderimg\" src=\"https:\/\/ragdolls-dosene.de\/wp-content\/uploads\/2022\/06\/VID_20220531_231811_8666.jpg\" alt=\"\" title=\"\" data-description=\"\" \/><video preload=\"none\" data-src=\"https:\/\/ragdolls-dosene.de\/wp-content\/uploads\/2022\/06\/VID-20220531-WA0002-1.mp4\"><\/video><\/li><li><img decoding=\"async\" class=\"amazingslider-img-elem amazingsliderimg\" src=\"https:\/\/ragdolls-dosene.de\/wp-content\/uploads\/2022\/06\/IMG_20220605_143735-scaled.jpg\" alt=\"\" title=\"\" data-description=\"\" \/><\/li><li><img decoding=\"async\" class=\"amazingslider-img-elem amazingsliderimg\" src=\"https:\/\/ragdolls-dosene.de\/wp-content\/uploads\/2022\/08\/IMGP0029-scaled.jpg\" alt=\"\" title=\"\" data-description=\"\" \/><\/li><li><img decoding=\"async\" class=\"amazingslider-img-elem amazingsliderimg\" src=\"https:\/\/ragdolls-dosene.de\/wp-content\/uploads\/2022\/08\/IMGP0031-scaled.jpg\" alt=\"\" title=\"\" data-description=\"\" \/><\/li><li><img decoding=\"async\" class=\"amazingslider-img-elem amazingsliderimg\" src=\"https:\/\/ragdolls-dosene.de\/wp-content\/uploads\/2022\/08\/IMG_20220804_173927-Kopie-scaled.jpg\" alt=\"\" title=\"\" data-description=\"\" \/><\/li><li><img decoding=\"async\" class=\"amazingslider-img-elem amazingsliderimg\" src=\"https:\/\/www.ragdolls-dosene.de\/wp-content\/uploads\/2024\/04\/Xabelle_04-02-24_1-scaled.jpg\" alt=\"\" title=\"\" data-description=\"\" \/><\/li><li><img decoding=\"async\" class=\"amazingslider-img-elem amazingsliderimg\" src=\"https:\/\/www.ragdolls-dosene.de\/wp-content\/uploads\/2024\/04\/Xabelle_04-02-24_2-scaled.jpg\" alt=\"\" title=\"\" data-description=\"\" \/><\/li><li><img decoding=\"async\" class=\"amazingslider-img-elem amazingsliderimg\" src=\"https:\/\/www.ragdolls-dosene.de\/wp-content\/uploads\/2024\/04\/Xabelle_04-02-24_3-scaled.jpg\" alt=\"\" title=\"\" data-description=\"\" \/><\/li><li><img decoding=\"async\" class=\"amazingslider-img-elem amazingsliderimg\" src=\"https:\/\/www.ragdolls-dosene.de\/wp-content\/uploads\/2024\/04\/Xabelle_04-02-24_4-scaled.jpg\" alt=\"\" title=\"\" data-description=\"\" \/><\/li><li><img decoding=\"async\" class=\"amazingslider-img-elem amazingsliderimg\" src=\"https:\/\/www.ragdolls-dosene.de\/wp-content\/uploads\/2024\/04\/Xabelle_04-02-24_5-scaled.jpg\" alt=\"\" title=\"\" data-description=\"\" \/><\/li><li><img decoding=\"async\" class=\"amazingslider-img-elem amazingsliderimg\" src=\"https:\/\/www.ragdolls-dosene.de\/wp-content\/uploads\/2024\/04\/Xabelle_04-02-24_6-scaled.jpg\" alt=\"\" title=\"\" data-description=\"\" \/><\/li><\/ul><ul class=\"amazingslider-thumbnails\"  style=\"display:none;\"><li><img decoding=\"async\" class=\"amazingslider-thumbnail-elem amazingsliderthumbnailimg\" src=\"https:\/\/ragdolls-dosene.de\/wp-content\/uploads\/2022\/06\/IMG-20220531-WA0000-1024x575.jpg\" alt=\"\" title=\"\" data-description=\"\" \/><\/li><li><img decoding=\"async\" class=\"amazingslider-thumbnail-elem amazingsliderthumbnailimg\" src=\"https:\/\/ragdolls-dosene.de\/wp-content\/uploads\/2022\/06\/VID_20220531_231811_8666-1024x576.jpg\" alt=\"\" title=\"\" data-description=\"\" \/><\/li><li><img decoding=\"async\" class=\"amazingslider-thumbnail-elem amazingsliderthumbnailimg\" src=\"https:\/\/ragdolls-dosene.de\/wp-content\/uploads\/2022\/06\/IMG_20220605_143735-1024x575.jpg\" alt=\"\" title=\"\" data-description=\"\" \/><\/li><li><img decoding=\"async\" class=\"amazingslider-thumbnail-elem amazingsliderthumbnailimg\" src=\"https:\/\/ragdolls-dosene.de\/wp-content\/uploads\/2022\/08\/IMGP0029-1024x680.jpg\" alt=\"\" title=\"\" data-description=\"\" \/><\/li><li><img decoding=\"async\" class=\"amazingslider-thumbnail-elem amazingsliderthumbnailimg\" src=\"https:\/\/ragdolls-dosene.de\/wp-content\/uploads\/2022\/08\/IMGP0031-1024x680.jpg\" alt=\"\" title=\"\" data-description=\"\" \/><\/li><li><img decoding=\"async\" class=\"amazingslider-thumbnail-elem amazingsliderthumbnailimg\" src=\"https:\/\/ragdolls-dosene.de\/wp-content\/uploads\/2022\/08\/IMG_20220804_173927-Kopie-1024x575.jpg\" alt=\"\" title=\"\" data-description=\"\" \/><\/li><li><img decoding=\"async\" class=\"amazingslider-thumbnail-elem amazingsliderthumbnailimg\" src=\"https:\/\/www.ragdolls-dosene.de\/wp-content\/uploads\/2024\/04\/Xabelle_04-02-24_1-1024x683.jpg\" alt=\"\" title=\"\" data-description=\"\" \/><\/li><li><img decoding=\"async\" class=\"amazingslider-thumbnail-elem amazingsliderthumbnailimg\" src=\"https:\/\/www.ragdolls-dosene.de\/wp-content\/uploads\/2024\/04\/Xabelle_04-02-24_2-682x1024.jpg\" alt=\"\" title=\"\" data-description=\"\" \/><\/li><li><img decoding=\"async\" class=\"amazingslider-thumbnail-elem amazingsliderthumbnailimg\" src=\"https:\/\/www.ragdolls-dosene.de\/wp-content\/uploads\/2024\/04\/Xabelle_04-02-24_3-1024x683.jpg\" alt=\"\" title=\"\" data-description=\"\" \/><\/li><li><img decoding=\"async\" class=\"amazingslider-thumbnail-elem amazingsliderthumbnailimg\" src=\"https:\/\/www.ragdolls-dosene.de\/wp-content\/uploads\/2024\/04\/Xabelle_04-02-24_4-1024x683.jpg\" alt=\"\" title=\"\" data-description=\"\" \/><\/li><li><img decoding=\"async\" class=\"amazingslider-thumbnail-elem amazingsliderthumbnailimg\" src=\"https:\/\/www.ragdolls-dosene.de\/wp-content\/uploads\/2024\/04\/Xabelle_04-02-24_5-1024x683.jpg\" alt=\"\" title=\"\" data-description=\"\" \/><\/li><li><img decoding=\"async\" class=\"amazingslider-thumbnail-elem amazingsliderthumbnailimg\" src=\"https:\/\/www.ragdolls-dosene.de\/wp-content\/uploads\/2024\/04\/Xabelle_04-02-24_6-1024x683.jpg\" alt=\"\" title=\"\" data-description=\"\" \/><\/li><\/ul><\/div><\/div><div id=\"amazingslider_customtexteffect_23\" style=\"display:none;\" data-texteffect=\"{&quot;Bottom bar&quot;:{&quot;textstyle&quot;:&quot;static&quot;,&quot;textpositionstatic&quot;:&quot;bottom&quot;,&quot;textautohide&quot;:true,&quot;textpositionmarginstatic&quot;:0,&quot;textpositiondynamic&quot;:&quot;bottomleft&quot;,&quot;textpositionmarginleft&quot;:24,&quot;textpositionmarginright&quot;:24,&quot;textpositionmargintop&quot;:24,&quot;textpositionmarginbottom&quot;:24,&quot;texteffect&quot;:&quot;slide&quot;,&quot;texteffecteasing&quot;:&quot;easeOutCubic&quot;,&quot;texteffectduration&quot;:600,&quot;texteffectslidedirection&quot;:&quot;left&quot;,&quot;texteffectslidedistance&quot;:30,&quot;texteffectdelay&quot;:500,&quot;texteffectseparate&quot;:false,&quot;texteffect1&quot;:&quot;slide&quot;,&quot;texteffectslidedirection1&quot;:&quot;right&quot;,&quot;texteffectslidedistance1&quot;:120,&quot;texteffecteasing1&quot;:&quot;easeOutCubic&quot;,&quot;texteffectduration1&quot;:600,&quot;texteffectdelay1&quot;:1000,&quot;texteffect2&quot;:&quot;slide&quot;,&quot;texteffectslidedirection2&quot;:&quot;right&quot;,&quot;texteffectslidedistance2&quot;:120,&quot;texteffecteasing2&quot;:&quot;easeOutCubic&quot;,&quot;texteffectduration2&quot;:600,&quot;texteffectdelay2&quot;:1500,&quot;textcss&quot;:&quot;display:block; padding:12px; text-align:left;&quot;,&quot;textbgcss&quot;:&quot;display:block; position:absolute; top:0px; left:0px; width:100%; height:100%; background-color:#333333; opacity:0.6; filter:alpha(opacity=60);&quot;,&quot;titlecss&quot;:&quot;display:block; position:relative; font:bold 14px \\&quot;Lucida Sans Unicode\\&quot;,\\&quot;Lucida Grande\\&quot;,sans-serif,Arial; color:#fff;&quot;,&quot;descriptioncss&quot;:&quot;display:block; position:relative; font:12px \\&quot;Lucida Sans Unicode\\&quot;,\\&quot;Lucida Grande\\&quot;,sans-serif,Arial; color:#fff; margin-top:8px;&quot;,&quot;buttoncss&quot;:&quot;display:block; position:relative; margin-top:8px;&quot;,&quot;texteffectresponsive&quot;:true,&quot;texteffectresponsivesize&quot;:640,&quot;titlecssresponsive&quot;:&quot;font-size:12px;&quot;,&quot;descriptioncssresponsive&quot;:&quot;font-size:12px;&quot;,&quot;buttoncssresponsive&quot;:&quot;&quot;,&quot;addgooglefonts&quot;:false,&quot;googlefonts&quot;:&quot;&quot;,&quot;textleftrightpercentforstatic&quot;:40}}\"><\/div><script>function wonderslider_23_appendcss(csscode) {var head=document.head || document.getElementsByTagName(\"head\")[0];var style=document.createElement(\"style\");head.appendChild(style);style.type=\"text\/css\";if (style.styleSheet){style.styleSheet.cssText=csscode;} else {style.appendChild(document.createTextNode(csscode));}};wonderslider_23_appendcss(\"#wonderpluginslider-23 .star-rating { \tdisplay: inline-block; }\");<\/script>\n<p>\u00a0<\/p>","protected":false},"excerpt":{"rendered":"<p>Xabelle of boundless Beauty Original Ragdoll nach der Genetikkarte von Denny Dayton, gepr\u00fcft vom VdOR geb. am 17.02.2022Ph\u00e4notyp Blue BicolourGenotyp cs\/cs, B\/bBlutgruppe A Eltern sind Tiffany of boundless Beauty und [&hellip;]<\/p>\n","protected":false},"author":2,"featured_media":0,"parent":0,"menu_order":0,"comment_status":"closed","ping_status":"closed","template":"","meta":{"footnotes":""},"class_list":["post-4042","page","type-page","status-publish","hentry"],"_links":{"self":[{"href":"https:\/\/www.ragdolls-dosene.de\/index.php?rest_route=\/wp\/v2\/pages\/4042","targetHints":{"allow":["GET"]}}],"collection":[{"href":"https:\/\/www.ragdolls-dosene.de\/index.php?rest_route=\/wp\/v2\/pages"}],"about":[{"href":"https:\/\/www.ragdolls-dosene.de\/index.php?rest_route=\/wp\/v2\/types\/page"}],"author":[{"embeddable":true,"href":"https:\/\/www.ragdolls-dosene.de\/index.php?rest_route=\/wp\/v2\/users\/2"}],"replies":[{"embeddable":true,"href":"https:\/\/www.ragdolls-dosene.de\/index.php?rest_route=%2Fwp%2Fv2%2Fcomments&post=4042"}],"version-history":[{"count":22,"href":"https:\/\/www.ragdolls-dosene.de\/index.php?rest_route=\/wp\/v2\/pages\/4042\/revisions"}],"predecessor-version":[{"id":5095,"href":"https:\/\/www.ragdolls-dosene.de\/index.php?rest_route=\/wp\/v2\/pages\/4042\/revisions\/5095"}],"wp:attachment":[{"href":"https:\/\/www.ragdolls-dosene.de\/index.php?rest_route=%2Fwp%2Fv2%2Fmedia&parent=4042"}],"curies":[{"name":"wp","href":"https:\/\/api.w.org\/{rel}","templated":true}]}}