{"id":3074,"date":"2021-01-16T12:53:51","date_gmt":"2021-01-16T11:53:51","guid":{"rendered":"https:\/\/ragdolls-dosene.de\/?page_id=3074"},"modified":"2021-07-10T18:51:58","modified_gmt":"2021-07-10T16:51:58","slug":"allergie-auf-katzen-2","status":"publish","type":"page","link":"https:\/\/www.ragdolls-dosene.de\/?page_id=3074","title":{"rendered":"Allergie auf Katzen"},"content":{"rendered":"<p><span style=\"color: #000080;\">Liebe Besucher,<\/span><\/p>\n<p><span style=\"color: #000080;\">wir haben sehr viele Anfragen von Allergikern, weil sich das Ger\u00fccht, dass die Ragdoll eine Allergikerfreundliche Katze ist, hartn\u00e4ckig h\u00e4lt. Leider k\u00f6nnen wir das aus unserer Erfahrung nicht best\u00e4tigen. Auch auf die Ragdoll reagieren manche Menschen allergisch.\u00a0<\/span><\/p>\n<p><span style=\"color: #000080;\">Wir bieten aus diesem Grund eine Begleitung f\u00fcr Katzenallergiker an. Sie k\u00f6nnen sich gerne f\u00fcr Kuscheltermine kostenfrei anmelden, um zu testen, ob bei Ihnen eine allergische Reaktion auf unsere Katzen erfolgt. Wir empfehlen aber trotzdem und immer eine Sensibilisierung der betroffenen Personen durch einen Allergologen.<\/span><\/p>\n<p><span style=\"color: #333399;\"><strong><span style=\"font-size: 14pt;\">Weitere Informationen:<\/span><\/strong><\/span><\/p>\n<p><strong><span style=\"color: #000080; font-size: 12pt;\">Es gibt aber Hoffnung f\u00fcr Katzenhaar-Allergiker. In der Schweiz wird an einem Impfstoff auf das sogenannte Protein Fel- d1 geforscht. Dieses Protein ist f\u00fcr die Ausl\u00f6sung der Allergie verantwortlich. Die Schweizer Forscher arbeiten dabei daran, statt des Menschen die Katze zu immunisieren. <\/span><span style=\"color: #000080; font-size: 14pt;\">Voraussichtlich soll dieser Impfungstoff\u00a0 in 2022 zugelassen werden.<\/span><\/strong><\/p>\n<p><span style=\"color: #333399;\">Katzen geh\u00f6ren zu den beliebtesten Haustieren in Deutschland. Gleichzeitig leiden aber rund zehn Prozent der Bev\u00f6lkerung unter einer Katzenhaarallergie. Diese zeigt sich auf unterschiedliche Art und Weise: Bei manchen beginnen die Augen zu tr\u00e4nen, andere m\u00fcssen sich regelm\u00e4\u00dfig die Nase putzen. In einigen besonders schwer wiegenden F\u00e4llen kann die Allergie sogar potentiell t\u00f6dliche Asthma-Anf\u00e4lle ausl\u00f6sen. Doch nun k\u00f6nnen sich alle Betroffenen Hoffnung auf Besserung machen. Denn Forschern der Universit\u00e4ten in Bern und Z\u00fcrich ist es gelungen, einen wirksamen Impfstoff gegen Katzenhaarallergie zu entwickeln. Der Trick: Geimpft werden nicht die betroffenen Personen, sondern die Katzen. M\u00f6glich wird dies, weil die Menschen \u2013 anders als es der Name suggeriert \u2013 gar nicht gegen die Haare der Katzen allergisch sind.<\/span><\/p>\n<h3><span style=\"color: #333399;\">Die Immunabwehr der Katze k\u00fcmmert sich um das Allergen<\/span><\/h3>\n<p><span style=\"color: #333399;\">Stattdessen ist in rund neunzig Prozent der F\u00e4lle ein Protein namens \u201eFel d 1\u201c Ausl\u00f6ser der allergischen Reaktion. Es kommt eigentlich vor allem in den K\u00f6rperfl\u00fcssigkeiten einer Katze vor. Weil diese allerdings regelm\u00e4\u00dfig zur S\u00e4uberung \u00fcber ihr Fell leckt, gelangt das Protein auch an die Haare der Tiere. Gleichzeitig beobachteten die Forscher aber auch, dass einige Katzen gar kein \u201eFel d 1\u201c produzieren und dadurch nicht beeintr\u00e4chtigt werden. Also machten sie sich daran, einen Impfstoff zu entwickeln, der die k\u00f6rpereigene Immunabwehr der Katze gegen das Protein in Stellung bringt. Dieser tr\u00e4gt den Namen \u201eHypoCat\u201c. Gespritzt wird das Mittel \u2013 \u00e4hnlich wie eine Grippeimpfung beim Menschen \u2013 unter die Haut des Tieres. Das Mittel gilt zudem als leicht vertr\u00e4glich.<\/span><\/p>\n<h3><span style=\"color: #333399;\">Die ersten siebzig Tiere wurden schon geimpft<\/span><\/h3>\n<p><span style=\"color: #333399;\">Der Clou: Der Impfstoff besteht aus einer kleinen Dosis \u201eFel d 1\u201c. Das Protein wurde dabei allerdings so gestaltet, dass es f\u00fcr die Immunabwehr des K\u00f6rpers wie ein Virus aussieht. Die Folge: Es werden zahlreiche Antik\u00f6rper gebildet, um den vermeintlichen Angreifer zu bek\u00e4mpfen. Dies wiederum hat zur Folge, dass das Allergen nicht mehr in die K\u00f6rperfl\u00fcssigkeiten der Katzen gelangt. Letztlich k\u00f6nnen so Katzen und Allergiker problemlos unter einem Dach leben. Allerdings muss die Impfung von Zeit zu Zeit wieder aufgefrischt werden. Bisher wurden bereits siebzig Tiere mit \u201eHypoCat\u201c geimpft. Bei dieser kleinen Kontrollgruppe lie\u00df sich sogar noch ein zweiter positiver Effekt feststellen: Auch Menschen ohne Allergie streichelten die Tiere nach der Impfung \u00f6fter und intensiver als vorher.<\/span><\/p>\n<p><span style=\"color: #333399;\">Via:\u00a0<a class=\"liexternal\" style=\"color: #333399;\" href=\"https:\/\/www.welt.de\/kmpkt\/article199289708\/Endlich-Forscher-entwickeln-Impfstoff-gegen-Katzenhaarallergie.html\" target=\"_blank\" rel=\"noopener noreferrer\">Die Welt<\/a><\/span><\/p>\n<p>\u00a0<\/p>\n\n\n<p><\/p>\n","protected":false},"excerpt":{"rendered":"<p>Liebe Besucher, wir haben sehr viele Anfragen von Allergikern, weil sich das Ger\u00fccht, dass die Ragdoll eine Allergikerfreundliche Katze ist, hartn\u00e4ckig h\u00e4lt. Leider k\u00f6nnen wir das aus unserer Erfahrung nicht [&hellip;]<\/p>\n","protected":false},"author":2,"featured_media":0,"parent":0,"menu_order":0,"comment_status":"closed","ping_status":"closed","template":"","meta":{"footnotes":""},"class_list":["post-3074","page","type-page","status-publish","hentry"],"_links":{"self":[{"href":"https:\/\/www.ragdolls-dosene.de\/index.php?rest_route=\/wp\/v2\/pages\/3074","targetHints":{"allow":["GET"]}}],"collection":[{"href":"https:\/\/www.ragdolls-dosene.de\/index.php?rest_route=\/wp\/v2\/pages"}],"about":[{"href":"https:\/\/www.ragdolls-dosene.de\/index.php?rest_route=\/wp\/v2\/types\/page"}],"author":[{"embeddable":true,"href":"https:\/\/www.ragdolls-dosene.de\/index.php?rest_route=\/wp\/v2\/users\/2"}],"replies":[{"embeddable":true,"href":"https:\/\/www.ragdolls-dosene.de\/index.php?rest_route=%2Fwp%2Fv2%2Fcomments&post=3074"}],"version-history":[{"count":6,"href":"https:\/\/www.ragdolls-dosene.de\/index.php?rest_route=\/wp\/v2\/pages\/3074\/revisions"}],"predecessor-version":[{"id":3607,"href":"https:\/\/www.ragdolls-dosene.de\/index.php?rest_route=\/wp\/v2\/pages\/3074\/revisions\/3607"}],"wp:attachment":[{"href":"https:\/\/www.ragdolls-dosene.de\/index.php?rest_route=%2Fwp%2Fv2%2Fmedia&parent=3074"}],"curies":[{"name":"wp","href":"https:\/\/api.w.org\/{rel}","templated":true}]}}