{"id":2897,"date":"2020-11-08T14:08:39","date_gmt":"2020-11-08T13:08:39","guid":{"rendered":"https:\/\/ragdolls-dosene.de\/?page_id=2897"},"modified":"2024-01-01T18:11:45","modified_gmt":"2024-01-01T17:11:45","slug":"unsere-zucht","status":"publish","type":"page","link":"https:\/\/www.ragdolls-dosene.de\/?page_id=2897","title":{"rendered":"Unsere Zucht"},"content":{"rendered":"<p><span style=\"color: #ffffff;\">.<\/span><\/p>\n<p><span style=\"color: #000080;\"><strong>Wir freuen uns sehr, dass Sie den Weg zu uns\u00a0und unseren Fellnasen gefunden haben.<\/strong><\/span><\/p>\n<p><span style=\"color: #000080;\">Wir z\u00fcchten Original Ragdolls gepr\u00fcft durch den Verein der Original Ragdoll (VdOR) nach der Genetik Karte von Denny Dayton.<\/span><\/p>\n<p><strong><span style=\"color: #000080;\">Warum Traditionelle = Original Ragdoll?\u00a0 <\/span><\/strong><\/p>\n<p><span style=\"color: #000080;\">Wir haben uns sehr intensiv mit der Rasse Ragdoll besch\u00e4ftigt und dabei festgestellt, dass es inzwischen nur noch wenige Z\u00fcchter der traditionellen Ragdoll gibt. Je mehr Informationen wir erhalten haben, umso mehr reifte in uns der Wunsch unseren Beitrag zum Erhalt der Ragdoll in traditionellen Linien zu leisten. Dank der Arbeit von Denny Dayton sind die Ragdolls in traditionellen Linien\u00a0 die einzige Katzenrasse, welche sich l\u00fcckenlos auf die Gr\u00fcnder- und Foundationtiere zur\u00fcckf\u00fchren lassen. Das macht diese Rasse in der Z\u00fcchterwelt einmalig.<\/span><\/p>\n<p><span style=\"color: #000080;\">Wir z\u00fcchten mit nur wenigen Tieren und halten streng die Vorgaben unseres Vereins an eine Hobbyzucht ein. Unser Hauptaugenmerk liegt auf der Zucht von gesunden, rassetypischen und gut sozialisierten Tieren.<\/span><\/p>\n<p><span style=\"color: #000080;\">Unsere Katzen\u00a0 leben mit uns in einem Haus am Stadtrand von Leipzig. Die Katzen k\u00f6nnen sich frei im Haus bewegen.\u00a0Das gilt auch f\u00fcr die Kitten. Diese lernen dabei auch den t\u00e4glichen Ablauf mit allen Ger\u00e4uschen kennen. Wir lehnen ein extra Zimmer ab und damit k\u00f6nnen auch unsere Zuchtkater am t\u00e4glichen Leben teilnehmen.<\/span><\/p>\n<p><span style=\"color: #000080;\">Unsere Katzengruppe ist ruhig, ausgeglichen und sehr harmonisch.<\/span><\/p>\n<p><span style=\"color: #ffffff;\">.<\/span><\/p>\n<p><img loading=\"lazy\" decoding=\"async\" class=\"alignnone size-medium wp-image-2913 aligncenter\" src=\"https:\/\/ragdolls-dosene.de\/wp-content\/uploads\/2020\/11\/SAM_2792-300x225.jpg\" alt=\"\" width=\"300\" height=\"225\" srcset=\"https:\/\/www.ragdolls-dosene.de\/wp-content\/uploads\/2020\/11\/SAM_2792-300x225.jpg 300w, https:\/\/www.ragdolls-dosene.de\/wp-content\/uploads\/2020\/11\/SAM_2792-1024x768.jpg 1024w, https:\/\/www.ragdolls-dosene.de\/wp-content\/uploads\/2020\/11\/SAM_2792-768x576.jpg 768w, https:\/\/www.ragdolls-dosene.de\/wp-content\/uploads\/2020\/11\/SAM_2792-1536x1152.jpg 1536w, https:\/\/www.ragdolls-dosene.de\/wp-content\/uploads\/2020\/11\/SAM_2792-730x548.jpg 730w, https:\/\/www.ragdolls-dosene.de\/wp-content\/uploads\/2020\/11\/SAM_2792.jpg 1984w\" sizes=\"auto, (max-width: 300px) 100vw, 300px\" \/><\/p>\n","protected":false},"excerpt":{"rendered":"<p>. Wir freuen uns sehr, dass Sie den Weg zu uns\u00a0und unseren Fellnasen gefunden haben. Wir z\u00fcchten Original Ragdolls gepr\u00fcft durch den Verein der Original Ragdoll (VdOR) nach der Genetik [&hellip;]<\/p>\n","protected":false},"author":1,"featured_media":0,"parent":0,"menu_order":0,"comment_status":"closed","ping_status":"closed","template":"","meta":{"footnotes":""},"class_list":["post-2897","page","type-page","status-publish","hentry"],"_links":{"self":[{"href":"https:\/\/www.ragdolls-dosene.de\/index.php?rest_route=\/wp\/v2\/pages\/2897","targetHints":{"allow":["GET"]}}],"collection":[{"href":"https:\/\/www.ragdolls-dosene.de\/index.php?rest_route=\/wp\/v2\/pages"}],"about":[{"href":"https:\/\/www.ragdolls-dosene.de\/index.php?rest_route=\/wp\/v2\/types\/page"}],"author":[{"embeddable":true,"href":"https:\/\/www.ragdolls-dosene.de\/index.php?rest_route=\/wp\/v2\/users\/1"}],"replies":[{"embeddable":true,"href":"https:\/\/www.ragdolls-dosene.de\/index.php?rest_route=%2Fwp%2Fv2%2Fcomments&post=2897"}],"version-history":[{"count":20,"href":"https:\/\/www.ragdolls-dosene.de\/index.php?rest_route=\/wp\/v2\/pages\/2897\/revisions"}],"predecessor-version":[{"id":4797,"href":"https:\/\/www.ragdolls-dosene.de\/index.php?rest_route=\/wp\/v2\/pages\/2897\/revisions\/4797"}],"wp:attachment":[{"href":"https:\/\/www.ragdolls-dosene.de\/index.php?rest_route=%2Fwp%2Fv2%2Fmedia&parent=2897"}],"curies":[{"name":"wp","href":"https:\/\/api.w.org\/{rel}","templated":true}]}}