{"id":1941,"date":"2019-11-02T10:45:49","date_gmt":"2019-11-02T09:45:49","guid":{"rendered":"https:\/\/ragdolls-dosene.de\/?page_id=1941"},"modified":"2025-08-07T19:35:26","modified_gmt":"2025-08-07T17:35:26","slug":"wie-finde-ich-einen-zuechter","status":"publish","type":"page","link":"https:\/\/www.ragdolls-dosene.de\/?page_id=1941","title":{"rendered":"Wie finde ich einen seri\u00f6sen Z\u00fcchter"},"content":{"rendered":"<p><span style=\"color: #000080;\"><strong>Hallo liebe Ragdoll- Interessenten oder baldige Ragdoll-Eltern,<\/strong><\/span><\/p>\n<p><span style=\"color: #000080;\">99% aller Interessenten stellen sich sehr h\u00e4ufig die Frage: Wie erkenne ich eigentlich einen \u201eguten\u201c Z\u00fcchter?<\/span><\/p>\n<p><span style=\"color: #000080;\">Wir sind der Meinung s\u00fc\u00dfe Kitten bzw. Welpen gibt es viele, daher ist NICHT das s\u00fc\u00dfe Tierbaby entscheidend, sondern viel mehr das Zuhause und die Personen, welche sich um den tierischen Nachwuchs k\u00fcmmern!<\/span><\/p>\n<p><span style=\"color: #000080;\">Wer eine Ragdoll sucht, sucht nach einem guten Z\u00fcchter, weil er eine gut sozialisierte Katze bekommen m\u00f6chte. Gut sozialisiert bedeutet, dass das K\u00e4tzchen in der Familie aufw\u00e4chst und alle f\u00fcr das K\u00e4tzchen wichtigen Dinge kennengelernt hat.<\/span><\/p>\n<p><span style=\"color: #000080;\">Ein guter Z\u00fcchter h\u00e4lt die Rassenstandards ein, achtet auf das Wohlergehen aller Katzen im Haushalt und beantwortet alle Fragen zu Haltung, Rassetypischen Verhaltensweisen, zur Gesundheitsvorsorge und F\u00fctterung. Die Elterntieren leben idealerweise im Z\u00fcchterhaushalt, der Z\u00fcchter beantwortet auch nach dem Kauf jederzeit Fragen und das Kitten kann gerne \u00f6fter besucht werden.<\/span><\/p>\n<p><span style=\"color: #000080; font-size: 18pt;\"><strong>Wie finde ich nun aber einen seri\u00f6sen Z\u00fcchter?<\/strong><\/span><\/p>\n<p><span style=\"color: #000080;\">Wenn bereits Ragdoll&#8217;s in der Familie oder im Freundeskreis leben, kann man sich dort umh\u00f6ren und bekommt sicher eine Empfehlung f\u00fcr einen guten Z\u00fcchter.<\/span><\/p>\n<p><span style=\"color: #000080;\">Oder Sie beachten die folgenden Hinweise und Tipp&#8217;s, um einen seri\u00f6sen Z\u00fcchter zu finden.<\/span><\/p>\n<p><span style=\"color: #000080;\"><strong>Eine HOBBY-ZUCHT sollte ein eigenst\u00e4ndiges Hobby sein und NICHT den Lebensunterhalt finanzieren.<\/strong><\/span><\/p>\n<p><span style=\"color: #000080;\">Ein seri\u00f6ser Z\u00fcchter\u00a0<\/span><br \/><span style=\"color: #000080;\">\u00a0*\u00a0 ist nachweisbar Mitglied in einem anerkannten Zuchtverein.\u00a0<\/span><\/p>\n<p><span style=\"color: #000080;\">*\u00a0 spezialisiert sich auf eine Rasse, was seri\u00f6ser ist als verschiedene Rassen anzubieten.<\/span><br \/><span style=\"color: #000080;\">Es gibt idealerweise eine kleine Katzengruppe und nur 1 Wurf pro Katze im Jahr.<\/span><\/p>\n<p><span style=\"color: #000080;\">* lassen ihre Tiere regelm\u00e4\u00dfig tier\u00e4rztlich untersuchen und k\u00f6nnen die entsprechenden Befunde\u00a0 <\/span><span style=\"color: #000080;\">vorlegen. Einmalig gemachte Gen-Test&#8217;s aus anerkannten Laboren sind nicht ausreichend.\u00a0 \u00a0 \u00a0\u00a0<\/span><\/p>\n<p><span style=\"color: #000080;\">* stellt einen Stammbaum aus, welcher die Abstammung der Kitten zu den Elterntieren nachweist. Man kann auch einen genetischen Fingerabdruck machen lassen.<\/span><\/p>\n<p><span style=\"color: #000080;\">*\u00a0 erm\u00f6glicht die Besichtigung der Zucht, nimmt sich Zeit f\u00fcr pers\u00f6nliche Gespr\u00e4che, bietet Besuche an und beantwortet alle Fragen bereitwillig.<\/span><\/p>\n<p><span style=\"color: #000080;\">* sollte seine Kitten nicht vor der 16. Lebenswoche abgeben, das ist wichtig f\u00fcr eine gute Sozialisierung.<\/span><br \/><span style=\"color: #000080;\">Ein Kitten braucht seine Mutter \u00fcber die gesetzlich vorgeschriebenen 12 Lebenswochen und lernt von ihr. Es lernt alle Ger\u00e4usche und Abl\u00e4ufe im Z\u00fcchterhaushalt kennen, was wiederum eine positive Sozialisierung gew\u00e4hrleistet.<\/span><\/p>\n<p><span style=\"color: #000080;\">* h\u00e4lt seine Zuchtst\u00e4tte sauber und gepflegt und die Katzen sollten einen gesunden, aufgeschlossenen Eindruck machen. \u00c4ngstliche oder scheue Ragdoll&#8217;s sind kein gutes Zeichen.\u00a0<\/span><\/p>\n<p><span style=\"color: #000080;\">* wird einen angemessenen Preis f\u00fcr die Kitten aufrufen, der die Kosten f\u00fcr Aufzucht, Pflege und Gesundheitsvorsorge deckt.<\/span><\/p>\n<p><span style=\"color: #000080;\">* schlie\u00dft einen Kaufvertrag ab. Hier werden alle wichtigen Punkte zum Kitten, Haltung, Identifizierungsmerkmale und dem Kaufpreis festgehalten.<\/span><\/p>\n<p><span style=\"font-size: 18pt;\"><strong><span style=\"color: #000080;\">Hier noch ein paar Tipp&#8217;s:<\/span><\/strong><\/span><\/p>\n<p><span style=\"color: #000080;\">Vertrauen Sie Ihrem Bauchgef\u00fchl, im Zweifel suchen Sie sich lieber einen anderen Z\u00fcchter.<\/span><\/p>\n<p><span style=\"color: #000080;\">Informieren Sie sich \u00fcber die Rasse Ragdoll und stellen Sie gezielt Fragen.<\/span><\/p>\n<p><span style=\"color: #000080;\">Besuchen und vergleichen Sie verschiedene Z\u00fcchter, um ein Gef\u00fchl f\u00fcr Seri\u00f6sit\u00e4t zubekommen.<\/span><\/p>\n<p><strong><span style=\"color: #000080;\">Jetzt steht einer erfolgreichen Suche nach dem richtigen Z\u00fcchter nichts mehr im Weg und wir w\u00fcnschen viel Erfolg bei der Suche nach Ihrem Wunschk\u00e4tzen.<\/span><\/strong><\/p>\n\n\n<p><\/p>\n","protected":false},"excerpt":{"rendered":"<p>Hallo liebe Ragdoll- Interessenten oder baldige Ragdoll-Eltern, 99% aller Interessenten stellen sich sehr h\u00e4ufig die Frage: Wie erkenne ich eigentlich einen \u201eguten\u201c Z\u00fcchter? Wir sind der Meinung s\u00fc\u00dfe Kitten bzw. [&hellip;]<\/p>\n","protected":false},"author":2,"featured_media":0,"parent":0,"menu_order":0,"comment_status":"closed","ping_status":"closed","template":"","meta":{"footnotes":""},"class_list":["post-1941","page","type-page","status-publish","hentry"],"_links":{"self":[{"href":"https:\/\/www.ragdolls-dosene.de\/index.php?rest_route=\/wp\/v2\/pages\/1941","targetHints":{"allow":["GET"]}}],"collection":[{"href":"https:\/\/www.ragdolls-dosene.de\/index.php?rest_route=\/wp\/v2\/pages"}],"about":[{"href":"https:\/\/www.ragdolls-dosene.de\/index.php?rest_route=\/wp\/v2\/types\/page"}],"author":[{"embeddable":true,"href":"https:\/\/www.ragdolls-dosene.de\/index.php?rest_route=\/wp\/v2\/users\/2"}],"replies":[{"embeddable":true,"href":"https:\/\/www.ragdolls-dosene.de\/index.php?rest_route=%2Fwp%2Fv2%2Fcomments&post=1941"}],"version-history":[{"count":24,"href":"https:\/\/www.ragdolls-dosene.de\/index.php?rest_route=\/wp\/v2\/pages\/1941\/revisions"}],"predecessor-version":[{"id":5499,"href":"https:\/\/www.ragdolls-dosene.de\/index.php?rest_route=\/wp\/v2\/pages\/1941\/revisions\/5499"}],"wp:attachment":[{"href":"https:\/\/www.ragdolls-dosene.de\/index.php?rest_route=%2Fwp%2Fv2%2Fmedia&parent=1941"}],"curies":[{"name":"wp","href":"https:\/\/api.w.org\/{rel}","templated":true}]}}