{"id":1735,"date":"2019-07-21T21:41:32","date_gmt":"2019-07-21T19:41:32","guid":{"rendered":"https:\/\/ragdolls-dosene.de\/?page_id=1735"},"modified":"2022-06-10T18:53:12","modified_gmt":"2022-06-10T16:53:12","slug":"giardiose-bei-der-katze","status":"publish","type":"page","link":"https:\/\/www.ragdolls-dosene.de\/?page_id=1735","title":{"rendered":"Giardiose bei der Katze"},"content":{"rendered":"<p>\u00a0<\/p>\n<p><span style=\"color: #000080;\">Giardien k\u00f6nnen bei jeder Katze auftreten und sind behandelbar.<\/span><\/p>\n<p><span style=\"color: #000080;\">Es gibt Studien die belegen, dass Giardien sich im Boden, im Wasser und im Futter befinden k\u00f6nnen.\u00a0 Katzen k\u00f6nnen sich infizieren, wenn sie Zysten \u00fcber mit Kot verunreinigtes Wasser (Trinken von unabgekochtem Trinkwasser und das Trinken aus Seen, Teichen und Pf\u00fctzen) oder Futter aufnehmen.<\/span><\/p>\n<p><span style=\"color: #000080;\">Auch eine Schmierinfektion beim Kontakt mit infizierten Tieren ist m\u00f6glich.<\/span><\/p>\n<p><span style=\"color: #000080;\"><strong><u>Folgendes Behandlungsschema hat sich bei Giardien Infektionen bew\u00e4hrt (erwachsene Katzen und Kitten):<\/u><\/strong>\u00a0\u00a0\u00a0Quelle Internet<\/span><\/p>\n<p><span style=\"color: #000080;\">Die Katze bekommt am ersten Behandlungstag pro 500g K\u00f6rpergewicht eine Spartrix\/ Gambamix-Tablette verabreicht. Entweder Tablette f\u00fcr Tablette eingeben oder alternativ die jeweilige Tablettenmenge zerm\u00f6rsern, mit Wasser in eine Spritze geben und ab ins M\u00e4ulchen. Es ist wichtig, dass die Katze die komplette Dosis bekommt.<\/span><\/p>\n<p><span style=\"color: #000080;\">Kitten k\u00f6nnen ebenfalls mit Spartrix\/Gambamix behandelt werden. Spartrix\/Gamabmix wurde bei 14 Tage alten Babys erfolgreich und ohne Nebenwirkungen angewendet.<\/span><\/p>\n<p><span style=\"color: #000080;\">Wenn der Giardienbefall frisch ist und noch nicht mit anderen Medikamenten anbehandelt wurde, reicht in den meisten F\u00e4llen eine einmalige Gabe. Wer ganz sicher gehen will, wiederholt die Prozedur nach 6 Tagen.<\/span><\/p>\n<p><span style=\"color: #000080;\">Wenn der Giardienbefall vermutlich schon l\u00e4nger besteht oder mit <strong>Fenbenol,Panacur bzw. Metronidazol<\/strong> <strong>anbehandelt wurde<\/strong>, empfiehlt sich eine Wiederholung der Gabe am dritten und am sechsten Tag.<\/span><\/p>\n<p><span style=\"color: #000080;\">Bei sehr! schwerem Befall mit heftigem Durchfall wird folgendes Schema angewendet: an drei aufeinander folgenden Tagen, nach sechs Tagen Pause an zwei aufeinander folgenden Tagen nach weiteren 6 Tagen Pause eine weitere Gabe. Dieses Behandlungsschema sollte aber wirklich nur sehr schweren F\u00e4llen vorbehalten sei.<\/span><\/p>\n<p><span style=\"font-size: 14pt;\"><strong><span style=\"color: #000080;\"><span style=\"font-size: 14pt;\">F\u00fcr n\u00e4here Informationen verweise ich auf den unten stehenden Link von Tierarzt Dr. R\u00fcckert.<\/span>\u00a0<\/span><\/strong><\/span><\/p>\n\n\n<div class=\"wp-block-button\"><a class=\"wp-block-button__link has-background\" href=\"\/\/www.tierarzt-rueckert.de\/blog\/details.php?Kunde=1489&amp;Modul=3&amp;ID=19372\" style=\"background-color:#1412a9\">Link zur Hompage des Herrn Dr. R\u00fcckert<\/a><\/div>\n","protected":false},"excerpt":{"rendered":"<p>\u00a0 Giardien k\u00f6nnen bei jeder Katze auftreten und sind behandelbar. Es gibt Studien die belegen, dass Giardien sich im Boden, im Wasser und im Futter befinden k\u00f6nnen.\u00a0 Katzen k\u00f6nnen sich [&hellip;]<\/p>\n","protected":false},"author":2,"featured_media":0,"parent":0,"menu_order":0,"comment_status":"closed","ping_status":"closed","template":"","meta":{"footnotes":""},"class_list":["post-1735","page","type-page","status-publish","hentry"],"_links":{"self":[{"href":"https:\/\/www.ragdolls-dosene.de\/index.php?rest_route=\/wp\/v2\/pages\/1735","targetHints":{"allow":["GET"]}}],"collection":[{"href":"https:\/\/www.ragdolls-dosene.de\/index.php?rest_route=\/wp\/v2\/pages"}],"about":[{"href":"https:\/\/www.ragdolls-dosene.de\/index.php?rest_route=\/wp\/v2\/types\/page"}],"author":[{"embeddable":true,"href":"https:\/\/www.ragdolls-dosene.de\/index.php?rest_route=\/wp\/v2\/users\/2"}],"replies":[{"embeddable":true,"href":"https:\/\/www.ragdolls-dosene.de\/index.php?rest_route=%2Fwp%2Fv2%2Fcomments&post=1735"}],"version-history":[{"count":15,"href":"https:\/\/www.ragdolls-dosene.de\/index.php?rest_route=\/wp\/v2\/pages\/1735\/revisions"}],"predecessor-version":[{"id":4082,"href":"https:\/\/www.ragdolls-dosene.de\/index.php?rest_route=\/wp\/v2\/pages\/1735\/revisions\/4082"}],"wp:attachment":[{"href":"https:\/\/www.ragdolls-dosene.de\/index.php?rest_route=%2Fwp%2Fv2%2Fmedia&parent=1735"}],"curies":[{"name":"wp","href":"https:\/\/api.w.org\/{rel}","templated":true}]}}