{"id":1670,"date":"2019-06-23T12:08:43","date_gmt":"2019-06-23T10:08:43","guid":{"rendered":"https:\/\/ragdolls-dosene.de\/?page_id=1670"},"modified":"2020-06-15T13:03:00","modified_gmt":"2020-06-15T11:03:00","slug":"videos-vom-a-wurf","status":"publish","type":"page","link":"https:\/\/www.ragdolls-dosene.de\/?page_id=1670","title":{"rendered":"Video\u00b4s vom A-Wurf"},"content":{"rendered":"<p><span style=\"color: #000080;\"><div class=\"aiovg-player-container\" style=\"max-width: 100%;\"><aiovg-video class=\"aiovg-player aiovg-player-element aiovg-player-standard vjs-waiting\" style=\"padding-bottom: 56.25%;\" data-id=\"aiovg-player-1\" data-params=\"{&quot;post_id&quot;:1671,&quot;post_type&quot;:&quot;aiovg_videos&quot;,&quot;cookie_consent&quot;:0,&quot;cc_load_policy&quot;:0,&quot;statistics&quot;:1,&quot;hotkeys&quot;:0,&quot;player&quot;:{&quot;controlBar&quot;:{&quot;children&quot;:[&quot;PlayToggle&quot;,&quot;CurrentTimeDisplay&quot;,&quot;ProgressControl&quot;,&quot;DurationDisplay&quot;,&quot;CustomControlSpacer&quot;,&quot;CaptionsButton&quot;,&quot;AudioTrackButton&quot;,&quot;VolumePanel&quot;,&quot;FullscreenToggle&quot;]},&quot;liveui&quot;:true,&quot;textTrackSettings&quot;:false,&quot;playbackRates&quot;:[0.5,0.75,1,1.5,2],&quot;techCanOverridePoster&quot;:true,&quot;suppressNotSupportedError&quot;:true}}\"><video-js id=\"aiovg-player-1\" class=\"video-js vjs-fill vjs-theme-default\" style=\"width: 100%; height: 100%;\" controls preload=\"auto\" poster=\"https:\/\/www.ragdolls-dosene.de\/wp-content\/uploads\/2019\/04\/SAM_0600-1024x576.jpg\"><source type=\"video\/mp4\" src=\"\/\/ragdolls-dosene.de\/wp-content\/uploads\/2019\/filme\/SAM_0599.MP4\" label=\"\" \/><\/video-js><\/aiovg-video><\/div><\/span><\/p>\n<p><span style=\"color: #000080;\">Das Drama mit dem Umzug als Film. Es hat sich noch nicht gelegt. Unsere Mama g\u00f6nnt uns die gro\u00dfe Spielwiese noch nicht.<\/span><\/p>\n<p><span style=\"color: #000080;\"><div class=\"aiovg-player-container\" style=\"max-width: 100%;\"><aiovg-video class=\"aiovg-player aiovg-player-element aiovg-player-standard vjs-waiting\" style=\"padding-bottom: 56.25%;\" data-id=\"aiovg-player-2\" data-params=\"{&quot;post_id&quot;:1674,&quot;post_type&quot;:&quot;aiovg_videos&quot;,&quot;cookie_consent&quot;:0,&quot;cc_load_policy&quot;:0,&quot;statistics&quot;:1,&quot;hotkeys&quot;:0,&quot;player&quot;:{&quot;controlBar&quot;:{&quot;children&quot;:[&quot;PlayToggle&quot;,&quot;CurrentTimeDisplay&quot;,&quot;ProgressControl&quot;,&quot;DurationDisplay&quot;,&quot;CustomControlSpacer&quot;,&quot;CaptionsButton&quot;,&quot;AudioTrackButton&quot;,&quot;VolumePanel&quot;,&quot;FullscreenToggle&quot;]},&quot;liveui&quot;:true,&quot;textTrackSettings&quot;:false,&quot;playbackRates&quot;:[0.5,0.75,1,1.5,2],&quot;techCanOverridePoster&quot;:true,&quot;suppressNotSupportedError&quot;:true}}\"><video-js id=\"aiovg-player-2\" class=\"video-js vjs-fill vjs-theme-default\" style=\"width: 100%; height: 100%;\" controls preload=\"auto\" poster=\"https:\/\/www.ragdolls-dosene.de\/wp-content\/uploads\/2019\/06\/SAM_1600-1024x576.jpg\"><source type=\"video\/mp4\" src=\"\/\/ragdolls-dosene.de\/wp-content\/uploads\/2019\/filme\/SAM_1599.MP4\" label=\"\" \/><\/video-js><\/aiovg-video><\/div><\/span><\/p>\n<p><span style=\"color: #000080;\">Wir stellen die Muckibude auf den Kopf<\/span><\/p>\n<p><span style=\"color: #000080;\"><div class=\"aiovg-player-container\" style=\"max-width: 100%;\"><aiovg-video class=\"aiovg-player aiovg-player-element aiovg-player-standard vjs-waiting\" style=\"padding-bottom: 56.25%;\" data-id=\"aiovg-player-3\" data-params=\"{&quot;post_id&quot;:1678,&quot;post_type&quot;:&quot;aiovg_videos&quot;,&quot;cookie_consent&quot;:0,&quot;cc_load_policy&quot;:0,&quot;statistics&quot;:1,&quot;hotkeys&quot;:0,&quot;player&quot;:{&quot;controlBar&quot;:{&quot;children&quot;:[&quot;PlayToggle&quot;,&quot;CurrentTimeDisplay&quot;,&quot;ProgressControl&quot;,&quot;DurationDisplay&quot;,&quot;CustomControlSpacer&quot;,&quot;CaptionsButton&quot;,&quot;AudioTrackButton&quot;,&quot;VolumePanel&quot;,&quot;FullscreenToggle&quot;]},&quot;liveui&quot;:true,&quot;textTrackSettings&quot;:false,&quot;playbackRates&quot;:[0.5,0.75,1,1.5,2],&quot;techCanOverridePoster&quot;:true,&quot;suppressNotSupportedError&quot;:true}}\"><video-js id=\"aiovg-player-3\" class=\"video-js vjs-fill vjs-theme-default\" style=\"width: 100%; height: 100%;\" controls preload=\"auto\" poster=\"https:\/\/www.ragdolls-dosene.de\/wp-content\/uploads\/2019\/05\/Alina-schmeckt-es-wieder-1024x499.png\"><source type=\"video\/mp4\" src=\"\/\/ragdolls-dosene.de\/wp-content\/uploads\/2019\/filme\/SAM_1504.MP4\" label=\"\" \/><\/video-js><\/aiovg-video><\/div><\/span><\/p>\n<p><span style=\"color: #000080;\">Alina schmeckt es<\/span><\/p>\n<p><span style=\"color: #000080;\"><div class=\"aiovg-player-container\" style=\"max-width: 100%;\"><aiovg-video class=\"aiovg-player aiovg-player-element aiovg-player-standard vjs-waiting\" style=\"padding-bottom: 56.25%;\" data-id=\"aiovg-player-4\" data-params=\"{&quot;post_id&quot;:1682,&quot;post_type&quot;:&quot;aiovg_videos&quot;,&quot;cookie_consent&quot;:0,&quot;cc_load_policy&quot;:0,&quot;statistics&quot;:1,&quot;hotkeys&quot;:0,&quot;player&quot;:{&quot;controlBar&quot;:{&quot;children&quot;:[&quot;PlayToggle&quot;,&quot;CurrentTimeDisplay&quot;,&quot;ProgressControl&quot;,&quot;DurationDisplay&quot;,&quot;CustomControlSpacer&quot;,&quot;CaptionsButton&quot;,&quot;AudioTrackButton&quot;,&quot;VolumePanel&quot;,&quot;FullscreenToggle&quot;]},&quot;liveui&quot;:true,&quot;textTrackSettings&quot;:false,&quot;playbackRates&quot;:[0.5,0.75,1,1.5,2],&quot;techCanOverridePoster&quot;:true,&quot;suppressNotSupportedError&quot;:true}}\"><video-js id=\"aiovg-player-4\" class=\"video-js vjs-fill vjs-theme-default\" style=\"width: 100%; height: 100%;\" controls preload=\"auto\" poster=\"https:\/\/www.ragdolls-dosene.de\/wp-content\/uploads\/2019\/05\/Annabell-schaut-durch-die-R\u00f6hre-1024x504.png\"><source type=\"video\/mp4\" src=\"\/\/ragdolls-dosene.de\/wp-content\/uploads\/2019\/filme\/SAM_1515.MP4\" label=\"\" \/><\/video-js><\/aiovg-video><\/div><\/span><\/p>\n<p><span style=\"color: #000080;\">Annabell schaut durch die R\u00f6hre<\/span><\/p>\n<p><span style=\"color: #000080;\"><div class=\"aiovg-player-container\" style=\"max-width: 100%;\"><aiovg-video class=\"aiovg-player aiovg-player-element aiovg-player-standard vjs-waiting\" style=\"padding-bottom: 56.25%;\" data-id=\"aiovg-player-5\" data-params=\"{&quot;post_id&quot;:1686,&quot;post_type&quot;:&quot;aiovg_videos&quot;,&quot;cookie_consent&quot;:0,&quot;cc_load_policy&quot;:0,&quot;statistics&quot;:1,&quot;hotkeys&quot;:0,&quot;player&quot;:{&quot;controlBar&quot;:{&quot;children&quot;:[&quot;PlayToggle&quot;,&quot;CurrentTimeDisplay&quot;,&quot;ProgressControl&quot;,&quot;DurationDisplay&quot;,&quot;CustomControlSpacer&quot;,&quot;CaptionsButton&quot;,&quot;AudioTrackButton&quot;,&quot;VolumePanel&quot;,&quot;FullscreenToggle&quot;]},&quot;liveui&quot;:true,&quot;textTrackSettings&quot;:false,&quot;playbackRates&quot;:[0.5,0.75,1,1.5,2],&quot;techCanOverridePoster&quot;:true,&quot;suppressNotSupportedError&quot;:true}}\"><video-js id=\"aiovg-player-5\" class=\"video-js vjs-fill vjs-theme-default\" style=\"width: 100%; height: 100%;\" controls preload=\"auto\" poster=\"https:\/\/www.ragdolls-dosene.de\/wp-content\/uploads\/2019\/05\/SAM_1482-1024x576.jpg\"><source type=\"video\/mp4\" src=\"\/\/ragdolls-dosene.de\/wp-content\/uploads\/2019\/filme\/SAM_1348.MP4\" label=\"\" \/><\/video-js><\/aiovg-video><\/div><\/span><\/p>\n<p><span style=\"color: #000080;\">Heute hat unsere Mama den Waschtag angeordnet.<\/span><\/p>\n<p><span style=\"color: #000080;\"><div class=\"aiovg-player-container\" style=\"max-width: 100%;\"><aiovg-video class=\"aiovg-player aiovg-player-element aiovg-player-standard vjs-waiting\" style=\"padding-bottom: 56.25%;\" data-id=\"aiovg-player-6\" data-params=\"{&quot;post_id&quot;:1689,&quot;post_type&quot;:&quot;aiovg_videos&quot;,&quot;cookie_consent&quot;:0,&quot;cc_load_policy&quot;:0,&quot;statistics&quot;:1,&quot;hotkeys&quot;:0,&quot;player&quot;:{&quot;controlBar&quot;:{&quot;children&quot;:[&quot;PlayToggle&quot;,&quot;CurrentTimeDisplay&quot;,&quot;ProgressControl&quot;,&quot;DurationDisplay&quot;,&quot;CustomControlSpacer&quot;,&quot;CaptionsButton&quot;,&quot;AudioTrackButton&quot;,&quot;VolumePanel&quot;,&quot;FullscreenToggle&quot;]},&quot;liveui&quot;:true,&quot;textTrackSettings&quot;:false,&quot;playbackRates&quot;:[0.5,0.75,1,1.5,2],&quot;techCanOverridePoster&quot;:true,&quot;suppressNotSupportedError&quot;:true}}\"><video-js id=\"aiovg-player-6\" class=\"video-js vjs-fill vjs-theme-default\" style=\"width: 100%; height: 100%;\" controls preload=\"auto\" poster=\"https:\/\/www.ragdolls-dosene.de\/wp-content\/uploads\/2019\/05\/SAM_1312-1024x768.jpg\"><source type=\"video\/mp4\" src=\"\/\/ragdolls-dosene.de\/wp-content\/uploads\/2019\/filme\/SAM_1206.MP4\" label=\"\" \/><\/video-js><\/aiovg-video><\/div><\/span><\/p>\n<p><span style=\"color: #000080;\">Wir haben nichts gemacht. n\u00f6, n\u00f6, n\u00f6 \u2026<\/span><\/p>\n<p><span style=\"color: #000080;\"><div class=\"aiovg-player-container\" style=\"max-width: 100%;\"><aiovg-video class=\"aiovg-player aiovg-player-element aiovg-player-standard vjs-waiting\" style=\"padding-bottom: 56.25%;\" data-id=\"aiovg-player-7\" data-params=\"{&quot;post_id&quot;:1693,&quot;post_type&quot;:&quot;aiovg_videos&quot;,&quot;cookie_consent&quot;:0,&quot;cc_load_policy&quot;:0,&quot;statistics&quot;:1,&quot;hotkeys&quot;:0,&quot;player&quot;:{&quot;controlBar&quot;:{&quot;children&quot;:[&quot;PlayToggle&quot;,&quot;CurrentTimeDisplay&quot;,&quot;ProgressControl&quot;,&quot;DurationDisplay&quot;,&quot;CustomControlSpacer&quot;,&quot;CaptionsButton&quot;,&quot;AudioTrackButton&quot;,&quot;VolumePanel&quot;,&quot;FullscreenToggle&quot;]},&quot;liveui&quot;:true,&quot;textTrackSettings&quot;:false,&quot;playbackRates&quot;:[0.5,0.75,1,1.5,2],&quot;techCanOverridePoster&quot;:true,&quot;suppressNotSupportedError&quot;:true}}\"><video-js id=\"aiovg-player-7\" class=\"video-js vjs-fill vjs-theme-default\" style=\"width: 100%; height: 100%;\" controls preload=\"auto\" poster=\"https:\/\/www.ragdolls-dosene.de\/wp-content\/uploads\/2019\/04\/SAM_1081-1024x576.jpg\"><source type=\"video\/mp4\" src=\"\/\/ragdolls-dosene.de\/wp-content\/uploads\/2019\/filme\/SAM_1066.MP4\" label=\"\" \/><\/video-js><\/aiovg-video><\/div><\/span><\/p>\n<p><span style=\"color: #000080;\">Oh, das Essen ist schon da.<\/span><\/p>\n<p><span style=\"color: #000080;\"><div class=\"aiovg-player-container\" style=\"max-width: 100%;\"><aiovg-video class=\"aiovg-player aiovg-player-element aiovg-player-standard vjs-waiting\" style=\"padding-bottom: 56.25%;\" data-id=\"aiovg-player-8\" data-params=\"{&quot;post_id&quot;:1699,&quot;post_type&quot;:&quot;aiovg_videos&quot;,&quot;cookie_consent&quot;:0,&quot;cc_load_policy&quot;:0,&quot;statistics&quot;:1,&quot;hotkeys&quot;:0,&quot;player&quot;:{&quot;controlBar&quot;:{&quot;children&quot;:[&quot;PlayToggle&quot;,&quot;CurrentTimeDisplay&quot;,&quot;ProgressControl&quot;,&quot;DurationDisplay&quot;,&quot;CustomControlSpacer&quot;,&quot;CaptionsButton&quot;,&quot;AudioTrackButton&quot;,&quot;VolumePanel&quot;,&quot;FullscreenToggle&quot;]},&quot;liveui&quot;:true,&quot;textTrackSettings&quot;:false,&quot;playbackRates&quot;:[0.5,0.75,1,1.5,2],&quot;techCanOverridePoster&quot;:true,&quot;suppressNotSupportedError&quot;:true}}\"><video-js id=\"aiovg-player-8\" class=\"video-js vjs-fill vjs-theme-default\" style=\"width: 100%; height: 100%;\" controls preload=\"auto\" poster=\"\/\/ragdolls-dosene.de\/wp-content\/uploads\/2019\/04\/SAM_0712.jpg\"><source type=\"video\/mp4\" src=\"\/\/ragdolls-dosene.de\/wp-content\/uploads\/2019\/filme\/SAM_0703.MP4\" label=\"\" \/><\/video-js><\/aiovg-video><\/div><\/span><\/p>\n<p><span style=\"color: #000080;\">Papa und sein S\u00f6hnchen<\/span><\/p>\n","protected":false},"excerpt":{"rendered":"<p>Das Drama mit dem Umzug als Film. Es hat sich noch nicht gelegt. Unsere Mama g\u00f6nnt uns die gro\u00dfe Spielwiese noch nicht. Wir stellen die Muckibude auf den Kopf Alina [&hellip;]<\/p>\n","protected":false},"author":1,"featured_media":0,"parent":0,"menu_order":0,"comment_status":"closed","ping_status":"closed","template":"","meta":{"footnotes":""},"class_list":["post-1670","page","type-page","status-publish","hentry"],"_links":{"self":[{"href":"https:\/\/www.ragdolls-dosene.de\/index.php?rest_route=\/wp\/v2\/pages\/1670","targetHints":{"allow":["GET"]}}],"collection":[{"href":"https:\/\/www.ragdolls-dosene.de\/index.php?rest_route=\/wp\/v2\/pages"}],"about":[{"href":"https:\/\/www.ragdolls-dosene.de\/index.php?rest_route=\/wp\/v2\/types\/page"}],"author":[{"embeddable":true,"href":"https:\/\/www.ragdolls-dosene.de\/index.php?rest_route=\/wp\/v2\/users\/1"}],"replies":[{"embeddable":true,"href":"https:\/\/www.ragdolls-dosene.de\/index.php?rest_route=%2Fwp%2Fv2%2Fcomments&post=1670"}],"version-history":[{"count":12,"href":"https:\/\/www.ragdolls-dosene.de\/index.php?rest_route=\/wp\/v2\/pages\/1670\/revisions"}],"predecessor-version":[{"id":2688,"href":"https:\/\/www.ragdolls-dosene.de\/index.php?rest_route=\/wp\/v2\/pages\/1670\/revisions\/2688"}],"wp:attachment":[{"href":"https:\/\/www.ragdolls-dosene.de\/index.php?rest_route=%2Fwp%2Fv2%2Fmedia&parent=1670"}],"curies":[{"name":"wp","href":"https:\/\/api.w.org\/{rel}","templated":true}]}}