{"id":1003,"date":"2019-04-06T17:44:47","date_gmt":"2019-04-06T15:44:47","guid":{"rendered":"http:\/\/ragdolls-dosene.de\/?page_id=1003"},"modified":"2020-05-09T18:19:29","modified_gmt":"2020-05-09T16:19:29","slug":"b-wurf","status":"publish","type":"page","link":"https:\/\/www.ragdolls-dosene.de\/?page_id=1003","title":{"rendered":"B &#8211; Wurf"},"content":{"rendered":"<p><strong><img loading=\"lazy\" decoding=\"async\" class=\"alignnone  wp-image-1004 aligncenter\" src=\"\/\/ragdolls-dosene.de\/wp-content\/uploads\/2019\/04\/SAM_0662-300x225.jpg\" alt=\"\" width=\"401\" height=\"302\" srcset=\"https:\/\/www.ragdolls-dosene.de\/wp-content\/uploads\/2019\/04\/SAM_0662-300x225.jpg 300w, https:\/\/www.ragdolls-dosene.de\/wp-content\/uploads\/2019\/04\/SAM_0662-768x576.jpg 768w, https:\/\/www.ragdolls-dosene.de\/wp-content\/uploads\/2019\/04\/SAM_0662-1024x768.jpg 1024w, https:\/\/www.ragdolls-dosene.de\/wp-content\/uploads\/2019\/04\/SAM_0662-730x548.jpg 730w\" sizes=\"auto, (max-width: 401px) 100vw, 401px\" \/><\/strong><\/p>\n<p style=\"text-align: center;\"><strong><span style=\"color: #000080;\">Am 06.04.2019 sind vier kleine Babys geboren. <\/span><\/strong><\/p>\n<p><strong><span style=\"color: #000080;\">Die Eltern sind Felisha Blue Ice Lombardi und Mercutio (Malik) vom Dresdner Land.<\/span><\/strong><\/p>\n<p><strong><span style=\"color: #000080;\">Bijou mussten wir am 11.05.2019 in den fr\u00fchen Morgenstunden gehen lassen. <\/span><span style=\"color: #000080;\">Die Befunde der Obduktion haben ergeben, dass kein Gendefekt vorliegt. Bijou ist an einer pr\u00e4natalen Fehlentwicklung verstorben.<\/span><\/strong><\/p>\n<p><strong><span style=\"color: #000080;\">Alle K\u00e4tzchen sind vermittelt und haben liebevolle neue Familien gefunden.<\/span><\/strong><\/p>\n<p><span style=\"color: #000080;\"><strong>Sie m\u00f6chten sehen wie sich die Babys entwickelt haben, dann klicken sie den Button.&nbsp;<\/strong><\/span><\/p>\n\n\n<div class=\"wp-block-button aligncenter is-style-fill\"><a class=\"wp-block-button__link has-background no-border-radius\" href=\"https:\/\/ragdolls-dosene.de\/?page_id=1708\" style=\"background:linear-gradient(180deg,rgb(2,3,129) 0%,rgb(40,116,252) 100%)\">alle Videos<\/a><\/div>\n\n\n<p><\/p>\n<p><span style=\"color: #000080;\"><strong>In der Bildergalerie haben wir Fotos \u00fcber die weitere Entwicklung der Kleinen zusammengestellt.<\/strong><\/span><\/p>\n\n\n<figure class=\"wp-block-gallery columns-2 is-cropped wp-block-gallery-1 is-layout-flex wp-block-gallery-is-layout-flex\"><ul class=\"blocks-gallery-grid\"><li class=\"blocks-gallery-item\"><figure><a href=\"https:\/\/ragdolls-dosene.de\/wp-content\/uploads\/2019\/05\/SAM_1317.jpg\"><img loading=\"lazy\" decoding=\"async\" width=\"1024\" height=\"768\" src=\"https:\/\/ragdolls-dosene.de\/wp-content\/uploads\/2019\/05\/SAM_1317-1024x768.jpg\" alt=\"\" data-id=\"1329\" data-full-url=\"https:\/\/ragdolls-dosene.de\/wp-content\/uploads\/2019\/05\/SAM_1317.jpg\" data-link=\"https:\/\/ragdolls-dosene.de\/?attachment_id=1329\" class=\"wp-image-1329\" srcset=\"https:\/\/www.ragdolls-dosene.de\/wp-content\/uploads\/2019\/05\/SAM_1317-1024x768.jpg 1024w, https:\/\/www.ragdolls-dosene.de\/wp-content\/uploads\/2019\/05\/SAM_1317-300x225.jpg 300w, https:\/\/www.ragdolls-dosene.de\/wp-content\/uploads\/2019\/05\/SAM_1317-768x576.jpg 768w, https:\/\/www.ragdolls-dosene.de\/wp-content\/uploads\/2019\/05\/SAM_1317-730x548.jpg 730w, https:\/\/www.ragdolls-dosene.de\/wp-content\/uploads\/2019\/05\/SAM_1317.jpg 1984w\" sizes=\"auto, (max-width: 1024px) 100vw, 1024px\" \/><\/a><figcaption class=\"blocks-gallery-item__caption\">Bellamy  im Alter von 5 Wochen<\/figcaption><\/figure><\/li><li class=\"blocks-gallery-item\"><figure><a href=\"https:\/\/ragdolls-dosene.de\/wp-content\/uploads\/2019\/05\/SAM_1314.jpg\"><img loading=\"lazy\" decoding=\"async\" width=\"1024\" height=\"768\" src=\"https:\/\/ragdolls-dosene.de\/wp-content\/uploads\/2019\/05\/SAM_1314-1024x768.jpg\" alt=\"\" data-id=\"1316\" data-full-url=\"https:\/\/ragdolls-dosene.de\/wp-content\/uploads\/2019\/05\/SAM_1314.jpg\" data-link=\"https:\/\/ragdolls-dosene.de\/?attachment_id=1316\" class=\"wp-image-1316\" srcset=\"https:\/\/www.ragdolls-dosene.de\/wp-content\/uploads\/2019\/05\/SAM_1314-1024x768.jpg 1024w, https:\/\/www.ragdolls-dosene.de\/wp-content\/uploads\/2019\/05\/SAM_1314-300x225.jpg 300w, https:\/\/www.ragdolls-dosene.de\/wp-content\/uploads\/2019\/05\/SAM_1314-768x576.jpg 768w, https:\/\/www.ragdolls-dosene.de\/wp-content\/uploads\/2019\/05\/SAM_1314-730x548.jpg 730w, https:\/\/www.ragdolls-dosene.de\/wp-content\/uploads\/2019\/05\/SAM_1314.jpg 1984w\" sizes=\"auto, (max-width: 1024px) 100vw, 1024px\" \/><\/a><figcaption class=\"blocks-gallery-item__caption\">Beliza im Alter von 5 Wochen<\/figcaption><\/figure><\/li><\/ul><\/figure>\n\n\n\n<figure class=\"wp-block-gallery columns-1 is-cropped wp-block-gallery-2 is-layout-flex wp-block-gallery-is-layout-flex\"><ul class=\"blocks-gallery-grid\"><li class=\"blocks-gallery-item\"><figure><a href=\"https:\/\/ragdolls-dosene.de\/wp-content\/uploads\/2019\/09\/Beliza-und-Bellamy-im-neuen-Zuhause.jpg\"><img loading=\"lazy\" decoding=\"async\" width=\"1024\" height=\"1024\" src=\"https:\/\/ragdolls-dosene.de\/wp-content\/uploads\/2019\/09\/Beliza-und-Bellamy-im-neuen-Zuhause-1024x1024.jpg\" alt=\"\" data-id=\"1876\" data-full-url=\"https:\/\/ragdolls-dosene.de\/wp-content\/uploads\/2019\/09\/Beliza-und-Bellamy-im-neuen-Zuhause.jpg\" data-link=\"https:\/\/ragdolls-dosene.de\/?attachment_id=1876\" class=\"wp-image-1876\" srcset=\"https:\/\/www.ragdolls-dosene.de\/wp-content\/uploads\/2019\/09\/Beliza-und-Bellamy-im-neuen-Zuhause-1024x1024.jpg 1024w, https:\/\/www.ragdolls-dosene.de\/wp-content\/uploads\/2019\/09\/Beliza-und-Bellamy-im-neuen-Zuhause-150x150.jpg 150w, https:\/\/www.ragdolls-dosene.de\/wp-content\/uploads\/2019\/09\/Beliza-und-Bellamy-im-neuen-Zuhause-300x300.jpg 300w, https:\/\/www.ragdolls-dosene.de\/wp-content\/uploads\/2019\/09\/Beliza-und-Bellamy-im-neuen-Zuhause-768x768.jpg 768w, https:\/\/www.ragdolls-dosene.de\/wp-content\/uploads\/2019\/09\/Beliza-und-Bellamy-im-neuen-Zuhause-500x500.jpg 500w, https:\/\/www.ragdolls-dosene.de\/wp-content\/uploads\/2019\/09\/Beliza-und-Bellamy-im-neuen-Zuhause-400x400.jpg 400w, https:\/\/www.ragdolls-dosene.de\/wp-content\/uploads\/2019\/09\/Beliza-und-Bellamy-im-neuen-Zuhause-730x730.jpg 730w, https:\/\/www.ragdolls-dosene.de\/wp-content\/uploads\/2019\/09\/Beliza-und-Bellamy-im-neuen-Zuhause.jpg 1600w\" sizes=\"auto, (max-width: 1024px) 100vw, 1024px\" \/><\/a><figcaption class=\"blocks-gallery-item__caption\">Bellamy und Beliza Im neuen Zuhause. Bellamy hei\u00dft jetzt Bailey und Beliza wird jetz Beanie gerufen.<\/figcaption><\/figure><\/li><\/ul><\/figure>\n\n\n\n<figure class=\"wp-block-gallery columns-2 is-cropped wp-block-gallery-3 is-layout-flex wp-block-gallery-is-layout-flex\"><ul class=\"blocks-gallery-grid\"><li class=\"blocks-gallery-item\"><figure><a href=\"https:\/\/ragdolls-dosene.de\/wp-content\/uploads\/2019\/05\/SAM_1320.jpg\"><img loading=\"lazy\" decoding=\"async\" width=\"1024\" height=\"768\" src=\"https:\/\/ragdolls-dosene.de\/wp-content\/uploads\/2019\/05\/SAM_1320-1024x768.jpg\" alt=\"\" data-id=\"1330\" data-full-url=\"https:\/\/ragdolls-dosene.de\/wp-content\/uploads\/2019\/05\/SAM_1320.jpg\" data-link=\"https:\/\/ragdolls-dosene.de\/?attachment_id=1330\" class=\"wp-image-1330\" srcset=\"https:\/\/www.ragdolls-dosene.de\/wp-content\/uploads\/2019\/05\/SAM_1320-1024x768.jpg 1024w, https:\/\/www.ragdolls-dosene.de\/wp-content\/uploads\/2019\/05\/SAM_1320-300x225.jpg 300w, https:\/\/www.ragdolls-dosene.de\/wp-content\/uploads\/2019\/05\/SAM_1320-768x576.jpg 768w, https:\/\/www.ragdolls-dosene.de\/wp-content\/uploads\/2019\/05\/SAM_1320-730x548.jpg 730w, https:\/\/www.ragdolls-dosene.de\/wp-content\/uploads\/2019\/05\/SAM_1320.jpg 1984w\" sizes=\"auto, (max-width: 1024px) 100vw, 1024px\" \/><\/a><figcaption class=\"blocks-gallery-item__caption\">Bolek im Alter von 5 Wochen&nbsp;<\/figcaption><\/figure><\/li><li class=\"blocks-gallery-item\"><figure><a href=\"https:\/\/ragdolls-dosene.de\/wp-content\/uploads\/2020\/01\/20191130_103012-scaled.jpg\"><img loading=\"lazy\" decoding=\"async\" width=\"1024\" height=\"768\" src=\"https:\/\/ragdolls-dosene.de\/wp-content\/uploads\/2020\/01\/20191130_103012-1024x768.jpg\" alt=\"\" data-id=\"2170\" data-full-url=\"https:\/\/ragdolls-dosene.de\/wp-content\/uploads\/2020\/01\/20191130_103012-scaled.jpg\" data-link=\"https:\/\/ragdolls-dosene.de\/?attachment_id=2170\" class=\"wp-image-2170\" srcset=\"https:\/\/www.ragdolls-dosene.de\/wp-content\/uploads\/2020\/01\/20191130_103012-1024x768.jpg 1024w, https:\/\/www.ragdolls-dosene.de\/wp-content\/uploads\/2020\/01\/20191130_103012-300x225.jpg 300w, https:\/\/www.ragdolls-dosene.de\/wp-content\/uploads\/2020\/01\/20191130_103012-768x576.jpg 768w, https:\/\/www.ragdolls-dosene.de\/wp-content\/uploads\/2020\/01\/20191130_103012-1536x1152.jpg 1536w\" sizes=\"auto, (max-width: 1024px) 100vw, 1024px\" \/><\/a><figcaption class=\"blocks-gallery-item__caption\">Bolek 8 Monate, hei\u00dft jetzt Merlin<\/figcaption><\/figure><\/li><\/ul><\/figure>\n\n\n\n<figure class=\"wp-block-gallery columns-1 is-cropped wp-block-gallery-4 is-layout-flex wp-block-gallery-is-layout-flex\"><ul class=\"blocks-gallery-grid\"><li class=\"blocks-gallery-item\"><figure><a href=\"https:\/\/ragdolls-dosene.de\/wp-content\/uploads\/2019\/05\/SAM_1323.jpg\"><img loading=\"lazy\" decoding=\"async\" width=\"1024\" height=\"768\" src=\"https:\/\/ragdolls-dosene.de\/wp-content\/uploads\/2019\/05\/SAM_1323-1024x768.jpg\" alt=\"\" data-id=\"1331\" data-full-url=\"https:\/\/ragdolls-dosene.de\/wp-content\/uploads\/2019\/05\/SAM_1323.jpg\" data-link=\"https:\/\/ragdolls-dosene.de\/?attachment_id=1331\" class=\"wp-image-1331\" srcset=\"https:\/\/www.ragdolls-dosene.de\/wp-content\/uploads\/2019\/05\/SAM_1323-1024x768.jpg 1024w, https:\/\/www.ragdolls-dosene.de\/wp-content\/uploads\/2019\/05\/SAM_1323-300x225.jpg 300w, https:\/\/www.ragdolls-dosene.de\/wp-content\/uploads\/2019\/05\/SAM_1323-768x576.jpg 768w, https:\/\/www.ragdolls-dosene.de\/wp-content\/uploads\/2019\/05\/SAM_1323-730x548.jpg 730w, https:\/\/www.ragdolls-dosene.de\/wp-content\/uploads\/2019\/05\/SAM_1323.jpg 1984w\" sizes=\"auto, (max-width: 1024px) 100vw, 1024px\" \/><\/a><figcaption class=\"blocks-gallery-item__caption\">Bijou im Alter von 5 Wochen<\/figcaption><\/figure><\/li><\/ul><\/figure>\n\n\n<p><\/p>\n<p style=\"text-align: center;\"><strong><span style=\"color: #000080;\">\u00dcber Ihren Eintrag in unser G\u00e4stebuch w\u00fcrden wir uns freuen.&nbsp;<\/span><\/strong><\/p>\n\n\n<div class=\"wp-block-button aligncenter\"><a class=\"wp-block-button__link has-background no-border-radius\" href=\"https:\/\/ragdolls-dosene.de\/?page_id=351\" style=\"background:linear-gradient(180deg,rgb(2,3,129) 0%,rgb(40,116,252) 100%)\">      Danke      <\/a><\/div>\n\n\n\n<p><\/p>\n","protected":false},"excerpt":{"rendered":"<p>Am 06.04.2019 sind vier kleine Babys geboren. Die Eltern sind Felisha Blue Ice Lombardi und Mercutio (Malik) vom Dresdner Land. Bijou mussten wir am 11.05.2019 in den fr\u00fchen Morgenstunden gehen [&hellip;]<\/p>\n","protected":false},"author":2,"featured_media":0,"parent":0,"menu_order":0,"comment_status":"closed","ping_status":"closed","template":"","meta":{"footnotes":""},"class_list":["post-1003","page","type-page","status-publish","hentry"],"_links":{"self":[{"href":"https:\/\/www.ragdolls-dosene.de\/index.php?rest_route=\/wp\/v2\/pages\/1003","targetHints":{"allow":["GET"]}}],"collection":[{"href":"https:\/\/www.ragdolls-dosene.de\/index.php?rest_route=\/wp\/v2\/pages"}],"about":[{"href":"https:\/\/www.ragdolls-dosene.de\/index.php?rest_route=\/wp\/v2\/types\/page"}],"author":[{"embeddable":true,"href":"https:\/\/www.ragdolls-dosene.de\/index.php?rest_route=\/wp\/v2\/users\/2"}],"replies":[{"embeddable":true,"href":"https:\/\/www.ragdolls-dosene.de\/index.php?rest_route=%2Fwp%2Fv2%2Fcomments&post=1003"}],"version-history":[{"count":64,"href":"https:\/\/www.ragdolls-dosene.de\/index.php?rest_route=\/wp\/v2\/pages\/1003\/revisions"}],"predecessor-version":[{"id":2533,"href":"https:\/\/www.ragdolls-dosene.de\/index.php?rest_route=\/wp\/v2\/pages\/1003\/revisions\/2533"}],"wp:attachment":[{"href":"https:\/\/www.ragdolls-dosene.de\/index.php?rest_route=%2Fwp%2Fv2%2Fmedia&parent=1003"}],"curies":[{"name":"wp","href":"https:\/\/api.w.org\/{rel}","templated":true}]}}